{"id":750,"date":"2018-07-10T20:09:55","date_gmt":"2018-07-10T20:09:55","guid":{"rendered":"http:\/\/terrier.ee\/?page_id=750"},"modified":"2024-07-07T11:42:58","modified_gmt":"2024-07-07T11:42:58","slug":"kuulutused","status":"publish","type":"page","link":"https:\/\/terrier.ee\/index.php\/kuulutused\/","title":{"rendered":"Kuulutused"},"content":{"rendered":"<h1>\u00a0<strong>M\u00dc\u00dcA IIRI TERjerI KUTSIKAD<\/strong><\/h1>\n<p style=\"text-align: center;\"><strong>Kennelis RUBRA FLAMMA s\u00fcndisid 13.05.2024 iiri terjeri kutsikad<\/strong><\/p>\n<p>&nbsp;<\/p>\n<div dir=\"auto\" style=\"text-align: center;\"><strong><span style=\"color: #0000ff;\">Isa &#8211; Irish Vintage&#8217;s Celtic Cernunnos<\/span> <a href=\"https:\/\/jalostus.kennelliitto.fi\/frmKoira.aspx?RekNo=FI50888\/14&amp;R=139\" target=\"_blank\" rel=\"noopener\">FI50888\/14<\/a>\u00a0 \u00a0C.I.B. FI MVA FI VMVA EE MVA LT MVA VV-22\u00a0<\/strong><\/div>\n<div dir=\"auto\"><\/div>\n<div dir=\"auto\"><\/div>\n<div dir=\"auto\"><\/div>\n<div dir=\"auto\" style=\"text-align: center;\"><strong><span style=\"color: #ff0000;\">Ema &#8211; Rilius Dolores<\/span> <a href=\"https:\/\/register.kennelliit.ee\/index.php?page=dogCard&amp;dogId=311968\" target=\"_blank\" rel=\"noopener\">EST-01063\/21<\/a>\u00a0 \u00a0LTU CH EST CH LVA CH BALT CH EST W23 LVA W23 TLN WCup24<\/strong><\/div>\n<div dir=\"auto\"><\/div>\n<div dir=\"auto\" style=\"text-align: center;\"><strong>\u00a0<\/strong><\/div>\n<div dir=\"auto\"><a href=\"http:\/\/terrier.ee\/wp-content\/uploads\/2018\/07\/Iiri-terjer-isa.jpg\"><img loading=\"lazy\" decoding=\"async\" class=\"wp-image-2387 alignnone\" src=\"http:\/\/terrier.ee\/wp-content\/uploads\/2018\/07\/Iiri-terjer-isa.jpg\" alt=\"\" width=\"511\" height=\"681\" srcset=\"https:\/\/terrier.ee\/wp-content\/uploads\/2018\/07\/Iiri-terjer-isa.jpg 1200w, https:\/\/terrier.ee\/wp-content\/uploads\/2018\/07\/Iiri-terjer-isa-225x300.jpg 225w, https:\/\/terrier.ee\/wp-content\/uploads\/2018\/07\/Iiri-terjer-isa-768x1024.jpg 768w\" sizes=\"(max-width: 511px) 100vw, 511px\" \/><\/a>\u00a0\u00a0<a href=\"http:\/\/terrier.ee\/wp-content\/uploads\/2018\/07\/Iiri-terjer-ema.jpg\"><img loading=\"lazy\" decoding=\"async\" class=\"wp-image-2388 alignnone\" src=\"http:\/\/terrier.ee\/wp-content\/uploads\/2018\/07\/Iiri-terjer-ema.jpg\" alt=\"\" width=\"463\" height=\"685\" srcset=\"https:\/\/terrier.ee\/wp-content\/uploads\/2018\/07\/Iiri-terjer-ema.jpg 2664w, https:\/\/terrier.ee\/wp-content\/uploads\/2018\/07\/Iiri-terjer-ema-203x300.jpg 203w, https:\/\/terrier.ee\/wp-content\/uploads\/2018\/07\/Iiri-terjer-ema-768x1137.jpg 768w, https:\/\/terrier.ee\/wp-content\/uploads\/2018\/07\/Iiri-terjer-ema-691x1024.jpg 691w\" sizes=\"(max-width: 463px) 100vw, 463px\" \/><\/a><\/div>\n<div dir=\"auto\"><\/div>\n<div dir=\"auto\"><a href=\"http:\/\/terrier.ee\/wp-content\/uploads\/2018\/07\/FB_IMG_1719242978418.jpg\"><img loading=\"lazy\" decoding=\"async\" class=\"alignnone  wp-image-2471\" src=\"http:\/\/terrier.ee\/wp-content\/uploads\/2018\/07\/FB_IMG_1719242978418.jpg\" alt=\"\" width=\"496\" height=\"558\" srcset=\"https:\/\/terrier.ee\/wp-content\/uploads\/2018\/07\/FB_IMG_1719242978418.jpg 1013w, https:\/\/terrier.ee\/wp-content\/uploads\/2018\/07\/FB_IMG_1719242978418-267x300.jpg 267w, https:\/\/terrier.ee\/wp-content\/uploads\/2018\/07\/FB_IMG_1719242978418-768x864.jpg 768w, https:\/\/terrier.ee\/wp-content\/uploads\/2018\/07\/FB_IMG_1719242978418-911x1024.jpg 911w\" sizes=\"(max-width: 496px) 100vw, 496px\" \/>\u00a0\u00a0<\/a><a href=\"http:\/\/terrier.ee\/wp-content\/uploads\/2018\/07\/Lilla-RUUT-03.jpg\"><img loading=\"lazy\" decoding=\"async\" class=\"alignnone  wp-image-2472\" src=\"http:\/\/terrier.ee\/wp-content\/uploads\/2018\/07\/Lilla-RUUT-03.jpg\" alt=\"\" width=\"553\" height=\"553\" srcset=\"https:\/\/terrier.ee\/wp-content\/uploads\/2018\/07\/Lilla-RUUT-03.jpg 2000w, https:\/\/terrier.ee\/wp-content\/uploads\/2018\/07\/Lilla-RUUT-03-150x150.jpg 150w, https:\/\/terrier.ee\/wp-content\/uploads\/2018\/07\/Lilla-RUUT-03-300x300.jpg 300w, https:\/\/terrier.ee\/wp-content\/uploads\/2018\/07\/Lilla-RUUT-03-768x768.jpg 768w, https:\/\/terrier.ee\/wp-content\/uploads\/2018\/07\/Lilla-RUUT-03-1024x1024.jpg 1024w\" sizes=\"(max-width: 553px) 100vw, 553px\" \/><\/a><\/div>\n<div dir=\"auto\" style=\"text-align: center;\"><\/div>\n<div dir=\"auto\"><\/div>\n<div dir=\"auto\"><\/div>\n<div dir=\"auto\"><\/div>\n<div dir=\"auto\"><\/div>\n<div dir=\"auto\" style=\"text-align: center;\"><strong>Huvi korral v\u00f5tke \u00fchendust Natalia Miilveega<\/strong><\/div>\n<div dir=\"auto\"><\/div>\n<div dir=\"auto\" style=\"text-align: center;\"><strong>rubra.flamma@outlook.com<\/strong><\/div>\n<div dir=\"auto\" style=\"text-align: center;\"><strong>WhatsApp +372 5590 7897<\/strong><\/div>\n<div dir=\"auto\" style=\"text-align: center;\"><strong>FB messengeris Natalia Miilvee<\/strong><\/div>\n<div dir=\"auto\" style=\"text-align: center;\"><strong>Facebook leht\u00a0 Irish Terriers Estonia\u00a0<\/strong><\/div>\n","protected":false},"excerpt":{"rendered":"<p>\u00a0M\u00dc\u00dcA IIRI TERjerI KUTSIKAD Kennelis RUBRA FLAMMA s\u00fcndisid 13.05.2024 iiri terjeri kutsikad &nbsp; Isa &#8211; Irish Vintage&#8217;s Celtic Cernunnos FI50888\/14\u00a0 \u00a0C.I.B. FI MVA FI VMVA EE MVA LT MVA VV-22\u00a0 Ema &#8211; Rilius Dolores EST-01063\/21\u00a0 \u00a0LTU CH EST CH LVA CH BALT CH EST W23 LVA W23 TLN WCup24 \u00a0 \u00a0\u00a0 \u00a0\u00a0 Huvi korral v\u00f5tke <a class=\"read-more\" href=\"https:\/\/terrier.ee\/index.php\/kuulutused\/\">Read More<\/a><\/p>\n","protected":false},"author":1,"featured_media":0,"parent":0,"menu_order":0,"comment_status":"closed","ping_status":"closed","template":"template-full-width.php","meta":{"footnotes":""},"class_list":["post-750","page","type-page","status-publish","hentry"],"_links":{"self":[{"href":"https:\/\/terrier.ee\/index.php\/wp-json\/wp\/v2\/pages\/750"}],"collection":[{"href":"https:\/\/terrier.ee\/index.php\/wp-json\/wp\/v2\/pages"}],"about":[{"href":"https:\/\/terrier.ee\/index.php\/wp-json\/wp\/v2\/types\/page"}],"author":[{"embeddable":true,"href":"https:\/\/terrier.ee\/index.php\/wp-json\/wp\/v2\/users\/1"}],"replies":[{"embeddable":true,"href":"https:\/\/terrier.ee\/index.php\/wp-json\/wp\/v2\/comments?post=750"}],"version-history":[{"count":5,"href":"https:\/\/terrier.ee\/index.php\/wp-json\/wp\/v2\/pages\/750\/revisions"}],"predecessor-version":[{"id":2473,"href":"https:\/\/terrier.ee\/index.php\/wp-json\/wp\/v2\/pages\/750\/revisions\/2473"}],"wp:attachment":[{"href":"https:\/\/terrier.ee\/index.php\/wp-json\/wp\/v2\/media?parent=750"}],"curies":[{"name":"wp","href":"https:\/\/api.w.org\/{rel}","templated":true}]}}