{"id":495,"date":"2017-10-25T09:14:44","date_gmt":"2017-10-25T09:14:44","guid":{"rendered":"http:\/\/terrier.ee\/?page_id=495"},"modified":"2017-11-24T09:26:44","modified_gmt":"2017-11-24T09:26:44","slug":"40-erinaitus","status":"publish","type":"page","link":"https:\/\/terrier.ee\/index.php\/40-erinaitus\/","title":{"rendered":"40. ERIN\u00c4ITUS"},"content":{"rendered":"<h2 style=\"text-align: center;\"><strong>40. juubelin\u00e4itus 18.08.2017<\/strong><\/h2>\n<p style=\"text-align: center;\"><strong>Kohtunikud:<\/strong><br \/>\n<strong> Inese Pablaka (L\u00e4ti)<\/strong><br \/>\n<strong> Dina Korna (Eesti)<\/strong><\/p>\n<p style=\"text-align: center;\"><a href=\"http:\/\/online.kennelliit.ee\/show\/show.php?show=478&amp;lang=0\" target=\"_blank\" rel=\"noopener\"><strong>T\u00c4ISTULEMUSED<\/strong><\/a><\/p>\n<h3 style=\"text-align: center;\"><span style=\"color: #00ff00;\"><strong>BEST IN SHOW Kohtunik Inese Pablaka<\/strong><\/span><\/h3>\n<p>&nbsp;<\/p>\n<p><strong>1. K\u00e4\u00e4busbullterjer &#8211; <span style=\"color: #ff0000;\">AXTOM TERRA SNOWDUST<\/span>, om. Tiina Tohv, Eesti<\/strong><br \/>\n<strong>2.\u00a0Airedale`i terjer \u2013\u00a0<span class=\"b\" style=\"color: #ff0000;\">SAREDON DELIVERANCE<\/span>, om. John Averis ja Jekaterina Kantijevskaja, Eesti<\/strong><br \/>\n<strong>3. \u0160oti terjer &#8211; <span style=\"color: #ff0000;\">MARLAND TRESOR<\/span>, om. Viive Maranik, Eesti<\/strong><br \/>\n<strong>4. Ameerika Staffordshire`i terjer &#8211;\u00a0<span style=\"color: #ff0000;\">JOHNNY DEPP BLU-DIAMOND-ROSE<\/span>, om.\u00a0Marianna Kan\u00f5\u0161eva, Eesti<\/strong><\/p>\n<p><a href=\"http:\/\/terrier.ee\/wp-content\/uploads\/2017\/10\/2IMGP0438.jpg\"><img loading=\"lazy\" decoding=\"async\" class=\"alignnone size-medium wp-image-502\" src=\"http:\/\/terrier.ee\/wp-content\/uploads\/2017\/10\/2IMGP0438-300x277.jpg\" alt=\"\" width=\"300\" height=\"277\" srcset=\"https:\/\/terrier.ee\/wp-content\/uploads\/2017\/10\/2IMGP0438-300x277.jpg 300w, https:\/\/terrier.ee\/wp-content\/uploads\/2017\/10\/2IMGP0438.jpg 640w\" sizes=\"(max-width: 300px) 100vw, 300px\" \/><\/a>\u00a0\u00a0<a href=\"http:\/\/terrier.ee\/wp-content\/uploads\/2017\/10\/2IMGP0401.jpg\"><img loading=\"lazy\" decoding=\"async\" class=\"alignnone size-medium wp-image-503\" src=\"http:\/\/terrier.ee\/wp-content\/uploads\/2017\/10\/2IMGP0401-207x300.jpg\" alt=\"\" width=\"207\" height=\"300\" srcset=\"https:\/\/terrier.ee\/wp-content\/uploads\/2017\/10\/2IMGP0401-207x300.jpg 207w, https:\/\/terrier.ee\/wp-content\/uploads\/2017\/10\/2IMGP0401.jpg 441w\" sizes=\"(max-width: 207px) 100vw, 207px\" \/><\/a>\u00a0\u00a0<a href=\"http:\/\/terrier.ee\/wp-content\/uploads\/2017\/10\/2IMGP0446.jpg\"><img loading=\"lazy\" decoding=\"async\" class=\"alignnone size-medium wp-image-504\" src=\"http:\/\/terrier.ee\/wp-content\/uploads\/2017\/10\/2IMGP0446-300x293.jpg\" alt=\"\" width=\"300\" height=\"293\" srcset=\"https:\/\/terrier.ee\/wp-content\/uploads\/2017\/10\/2IMGP0446-300x293.jpg 300w, https:\/\/terrier.ee\/wp-content\/uploads\/2017\/10\/2IMGP0446.jpg 640w\" sizes=\"(max-width: 300px) 100vw, 300px\" \/><\/a>\u00a0\u00a0<a href=\"http:\/\/terrier.ee\/wp-content\/uploads\/2017\/10\/2IMGP0392.jpg\"><img loading=\"lazy\" decoding=\"async\" class=\"alignnone size-medium wp-image-505\" src=\"http:\/\/terrier.ee\/wp-content\/uploads\/2017\/10\/2IMGP0392-212x300.jpg\" alt=\"\" width=\"212\" height=\"300\" srcset=\"https:\/\/terrier.ee\/wp-content\/uploads\/2017\/10\/2IMGP0392-212x300.jpg 212w, https:\/\/terrier.ee\/wp-content\/uploads\/2017\/10\/2IMGP0392.jpg 452w\" sizes=\"(max-width: 212px) 100vw, 212px\" \/><\/a><\/p>\n<p style=\"text-align: center;\"><span style=\"color: #0000ff;\"><strong>PARIM EESTIS S\u00dcNDINUD TERJER<\/strong><\/span><\/p>\n<p style=\"text-align: center;\"><strong>K\u00e4\u00e4busbullterjer &#8211; <span style=\"color: #ff0000;\">AXTOM TERRA SNOWDUST<\/span>, om Tiina Tohv, Eesti<\/strong><\/p>\n<p>&nbsp;<\/p>\n<h3 style=\"text-align: center;\"><span style=\"color: #00ff00;\"><strong>BEST IN SHOW BEEBI kohtunik:\u00a0Inese Pablaka \/ Latvia<\/strong><\/span><\/h3>\n<p>&nbsp;<\/p>\n<p><strong>1.\u0160oti terjer &#8211;<span style=\"color: #ff0000;\"> MARLAND TIARA<\/span>, om. Viive Maranik, Eesti<\/strong><br \/>\n<strong>2. Welshi terjer &#8211;\u00a0<span style=\"color: #ff0000;\">AK MIL VISTA WEBSTER<\/span>, om. Janika Urbanik. Eesti<\/strong><br \/>\n<strong>3. Bullterjer &#8211;\u00a0<span class=\"b\"><span style=\"color: #ff0000;\">FANTASY TAI AMBITCIJA<\/span>, om.\u00a0<\/span>Egle Pakenaite, Leedu<\/strong><br \/>\n<strong>4. Ameerika Staffordshire`i terjr &#8211;\u00a0<span class=\"b\"><span style=\"color: #ff0000;\">ROYAL FLAME CRUSH ON ME<\/span>, om.\u00a0<\/span>Kristel V\u00f5su, Eesti<\/strong><\/p>\n<p><a href=\"http:\/\/terrier.ee\/wp-content\/uploads\/2017\/10\/2IMGP0222.jpg\"><img loading=\"lazy\" decoding=\"async\" class=\"alignnone wp-image-508 size-full\" src=\"http:\/\/terrier.ee\/wp-content\/uploads\/2017\/10\/2IMGP0222.jpg\" alt=\"\" width=\"640\" height=\"299\" srcset=\"https:\/\/terrier.ee\/wp-content\/uploads\/2017\/10\/2IMGP0222.jpg 640w, https:\/\/terrier.ee\/wp-content\/uploads\/2017\/10\/2IMGP0222-300x140.jpg 300w\" sizes=\"(max-width: 640px) 100vw, 640px\" \/><\/a>\u00a0\u00a0<a href=\"http:\/\/terrier.ee\/wp-content\/uploads\/2017\/10\/2IMGP0007.jpg\"><img loading=\"lazy\" decoding=\"async\" class=\"alignnone size-medium wp-image-509\" src=\"http:\/\/terrier.ee\/wp-content\/uploads\/2017\/10\/2IMGP0007-173x300.jpg\" alt=\"\" width=\"173\" height=\"300\" srcset=\"https:\/\/terrier.ee\/wp-content\/uploads\/2017\/10\/2IMGP0007-173x300.jpg 173w, https:\/\/terrier.ee\/wp-content\/uploads\/2017\/10\/2IMGP0007.jpg 370w\" sizes=\"(max-width: 173px) 100vw, 173px\" \/><\/a><\/p>\n<p style=\"text-align: center;\"><span style=\"color: #0000ff;\"><strong>PARIM EESTIS S\u00dcNDINUD BEEBI<\/strong><\/span><\/p>\n<p style=\"text-align: center;\"><strong>\u0160oti terjer &#8211; <span style=\"color: #ff0000;\">MARLAND TIARA<\/span>, om. Viive Maranik, Eesti<\/strong><\/p>\n<p>&nbsp;<\/p>\n<h3 style=\"text-align: center;\"><span style=\"color: #00ff00;\"><strong>BEST IN SHOW KUTSIKAS, kohtunik:\u00a0Dina Korna \/ Eesti<\/strong><\/span><\/h3>\n<p>&nbsp;<\/p>\n<p><strong>1.\u0160oti terjer &#8211;<span style=\"color: #ff0000;\">\u00a0<\/span><span class=\"b\"><span style=\"color: #ff0000;\">MARLAND SOLO<\/span>, om.\u00a0<\/span>Viive Maranik, Eesti<\/strong><br \/>\n<strong>2. Staffordshire`i bullterjer &#8211;\u00a0<span class=\"b\"><span style=\"color: #ff0000;\">REDCHAIN MOONSHINE BLACKROSE<\/span>, om.\u00a0<\/span>Mika Jaatinen &amp; Vesa Kulosaari, Finland<\/strong><br \/>\n<strong>3. Manchesteri terjer &#8211;\u00a0<span class=\"b\"><span style=\"color: #ff0000;\">BLACK MANTER&#8217;S CALIFORNIAN GIRL JUST FOR ME<\/span>, om.\u00a0<\/span>P\u00e4ivi Hituri, Finland<\/strong><br \/>\n<strong>4. Austraalia siiditerjer &#8211;<span style=\"color: #ff0000;\">\u00a0<\/span><span class=\"b\"><span style=\"color: #ff0000;\">VOLITANS GOLDEN CUB MARLO&#8217;S MERIT<\/span>, om.\u00a0<\/span>Oksana Bitjutskih, Eesti<\/strong><\/p>\n<p><a href=\"http:\/\/terrier.ee\/wp-content\/uploads\/2017\/10\/2IMGP0244.jpg\"><img loading=\"lazy\" decoding=\"async\" class=\"alignnone size-medium wp-image-514\" src=\"http:\/\/terrier.ee\/wp-content\/uploads\/2017\/10\/2IMGP0244-252x300.jpg\" alt=\"\" width=\"252\" height=\"300\" srcset=\"https:\/\/terrier.ee\/wp-content\/uploads\/2017\/10\/2IMGP0244-252x300.jpg 252w, https:\/\/terrier.ee\/wp-content\/uploads\/2017\/10\/2IMGP0244.jpg 537w\" sizes=\"(max-width: 252px) 100vw, 252px\" \/><\/a>\u00a0\u00a0<a href=\"http:\/\/terrier.ee\/wp-content\/uploads\/2017\/10\/2IMGP0245.jpg\"><img loading=\"lazy\" decoding=\"async\" class=\"alignnone size-medium wp-image-515\" src=\"http:\/\/terrier.ee\/wp-content\/uploads\/2017\/10\/2IMGP0245-201x300.jpg\" alt=\"\" width=\"201\" height=\"300\" srcset=\"https:\/\/terrier.ee\/wp-content\/uploads\/2017\/10\/2IMGP0245-201x300.jpg 201w, https:\/\/terrier.ee\/wp-content\/uploads\/2017\/10\/2IMGP0245.jpg 428w\" sizes=\"(max-width: 201px) 100vw, 201px\" \/><\/a>\u00a0\u00a0<a href=\"http:\/\/terrier.ee\/wp-content\/uploads\/2017\/10\/2IMGP0232.jpg\"><img loading=\"lazy\" decoding=\"async\" class=\"alignnone size-medium wp-image-516\" src=\"http:\/\/terrier.ee\/wp-content\/uploads\/2017\/10\/2IMGP0232-260x300.jpg\" alt=\"\" width=\"260\" height=\"300\" srcset=\"https:\/\/terrier.ee\/wp-content\/uploads\/2017\/10\/2IMGP0232-260x300.jpg 260w, https:\/\/terrier.ee\/wp-content\/uploads\/2017\/10\/2IMGP0232.jpg 555w\" sizes=\"(max-width: 260px) 100vw, 260px\" \/><\/a><\/p>\n<p>&nbsp;<\/p>\n<p style=\"text-align: center;\"><span style=\"color: #0000ff;\"><strong>PARIM EESTIS S\u00dcNDINUD KUTSIKAS<\/strong><\/span><\/p>\n<p style=\"text-align: center;\"><strong>\u0160oti terjer &#8211;\u00a0<span class=\"b\"><span style=\"color: #ff0000;\">MARLAND SOLO<\/span>, om.\u00a0<\/span>Viive Maranik, Eesti<\/strong><\/p>\n<p>&nbsp;<\/p>\n<h3 style=\"text-align: center;\"><strong><span style=\"color: #00ff00;\">BEST IN SHOW JUNIOR, kohtunik:\u00a0Inese Pablaka \/ Latvia<\/span><\/strong><\/h3>\n<p>&nbsp;<\/p>\n<p><strong>1.Welshi terjer &#8211;\u00a0<span class=\"b\"><span style=\"color: #ff0000;\">AK MIL VISTA TIGER LILY<\/span>, om.\u00a0<\/span>Aivi Kabur, Eesti<\/strong><br \/>\n<strong>2. Ameerika Staffordshire`i terjer &#8211;\u00a0<span class=\"b\"><span style=\"color: #ff0000;\">DREAMBERRY LITTLE SOUL<\/span>, om.\u00a0<\/span>Marianna Kan\u00f5\u0161eva, Eesti<\/strong><br \/>\n<strong>3. Yorkshire`i terjer &#8211;\u00a0<span class=\"b\"><span style=\"color: #ff0000;\">KENTAURO ALFA APPLE SWIZZLE<\/span>, om.\u00a0<\/span>Svetlana Zjatikova, Eesti<\/strong><br \/>\n<strong>4. Parson Russell terjer &#8211;\u00a0<span class=\"b\"><span style=\"color: #ff0000;\">KARVAHAALARIN MAXINE<\/span>, om.\u00a0<\/span>Anni Leivo, Finland<\/strong><\/p>\n<p><a href=\"http:\/\/terrier.ee\/wp-content\/uploads\/2017\/10\/2IMGP0369.jpg\"><img loading=\"lazy\" decoding=\"async\" class=\"alignnone size-full wp-image-519\" src=\"http:\/\/terrier.ee\/wp-content\/uploads\/2017\/10\/2IMGP0369.jpg\" alt=\"\" width=\"640\" height=\"234\" srcset=\"https:\/\/terrier.ee\/wp-content\/uploads\/2017\/10\/2IMGP0369.jpg 640w, https:\/\/terrier.ee\/wp-content\/uploads\/2017\/10\/2IMGP0369-300x110.jpg 300w\" sizes=\"(max-width: 640px) 100vw, 640px\" \/><\/a><\/p>\n<p>&nbsp;<\/p>\n<p style=\"text-align: center;\"><span style=\"color: #0000ff;\"><strong>PARIM EESTIS S\u00dcNDINUD JUNIOR<\/strong><\/span><\/p>\n<p style=\"text-align: center;\"><strong>Welshi terjer &#8211;\u00a0<span class=\"b\"><span style=\"color: #ff0000;\">AK MIL VISTA TIGER LILY<\/span>, om.\u00a0<\/span>Aivi Kabur, Eesti<\/strong><\/p>\n<p>&nbsp;<\/p>\n<p>&nbsp;<\/p>\n<h3 style=\"text-align: center;\"><span style=\"color: #00ff00;\"><strong>BEST IN SHOW VETERAN, kohtunik: Dina Korna<\/strong><\/span><\/h3>\n<p>&nbsp;<\/p>\n<p><strong>1.Welshi terjer &#8211;\u00a0<span style=\"color: #ff0000;\">SHAIREAB&#8217;S BAYLEIGH TICKET TO RIDE<\/span>, om. Anu Keerd, Eesti<\/strong><br \/>\n<strong>2. Foksterjer, karmikarvaline &#8211;\u00a0<span style=\"color: #ff0000;\">DANDIEPRAID DELAGARDIE<\/span>, om. Svetlana ja Natalja Volkova, Eesti<\/strong><br \/>\n<strong>3. \u0160oti terjer &#8211;\u00a0<span style=\"color: #ff0000;\">MARLAND TRESOR<\/span>, om, Viive Maranik, Eesti<\/strong><br \/>\n<strong>4. Austraalia terjer &#8211;\u00a0<span style=\"color: #ff0000;\">TRUOZZY&#8217;S HAND IN HAND<\/span>, om. Anne-Lii Sild, Eesti<\/strong><\/p>\n<p><a href=\"http:\/\/terrier.ee\/wp-content\/uploads\/2017\/10\/2IMGP0276.jpg\"><img loading=\"lazy\" decoding=\"async\" class=\"alignnone size-full wp-image-521\" src=\"http:\/\/terrier.ee\/wp-content\/uploads\/2017\/10\/2IMGP0276.jpg\" alt=\"\" width=\"640\" height=\"249\" srcset=\"https:\/\/terrier.ee\/wp-content\/uploads\/2017\/10\/2IMGP0276.jpg 640w, https:\/\/terrier.ee\/wp-content\/uploads\/2017\/10\/2IMGP0276-300x117.jpg 300w\" sizes=\"(max-width: 640px) 100vw, 640px\" \/><\/a><\/p>\n<p>&nbsp;<\/p>\n<p style=\"text-align: center;\"><span style=\"color: #0000ff;\"><strong>PARIM EESTIS S\u00dcNDINUD VETERAN<\/strong><\/span><\/p>\n<p style=\"text-align: center;\"><strong>Foksterjer, karmikarvaline &#8211;\u00a0<span style=\"color: #ff0000;\">DANDIEPRAID DELAGARDIE<\/span>, om. Svetlana ja Natalja Volkova, Eesti<\/strong><\/p>\n<p>&nbsp;<\/p>\n<h3 style=\"text-align: center;\"><span style=\"color: #00ff00;\"><strong>BEST IN SHOW KASVATAJA, kohtunik:\u00a0Inese Pablaka \/ Latvia<\/strong><\/span><\/h3>\n<p>&nbsp;<\/p>\n<p><strong>1.Austraalia terjer &#8211; <span style=\"color: #ff0000;\">ARMIRELLI<\/span>, kasvataja Anne-Lii Sild, Eesti<\/strong><br \/>\n<strong>2. Ameerika Staffordshire`i terjer &#8211; <span style=\"color: #ff0000;\">ANTE BELLUM<\/span>, kasvataja H\u00e4li Tammeleht, Eesti<\/strong><\/p>\n<p><a href=\"http:\/\/terrier.ee\/wp-content\/uploads\/2017\/10\/2IMGP0338.jpg\"><img loading=\"lazy\" decoding=\"async\" class=\"alignnone size-full wp-image-523\" src=\"http:\/\/terrier.ee\/wp-content\/uploads\/2017\/10\/2IMGP0338.jpg\" alt=\"\" width=\"640\" height=\"414\" srcset=\"https:\/\/terrier.ee\/wp-content\/uploads\/2017\/10\/2IMGP0338.jpg 640w, https:\/\/terrier.ee\/wp-content\/uploads\/2017\/10\/2IMGP0338-300x194.jpg 300w\" sizes=\"(max-width: 640px) 100vw, 640px\" \/><\/a><\/p>\n<p>&nbsp;<\/p>\n<h3 style=\"text-align: center;\"><span style=\"color: #00ff00;\"><strong>BEST IN SHOW PAAR, kohtunik:\u00a0Dina Korna \/ Eesti<\/strong><\/span><\/h3>\n<p>&nbsp;<\/p>\n<p><strong>1.Ameerika Staffordshire`i terjer &#8211;\u00a0<span class=\"b\" style=\"color: #ff0000;\">DREAMBERRY LITTLE SOUL<\/span>\u00a0 &amp;\u00a0<span class=\"b\"><span style=\"color: #ff0000;\">JOHNNY DEPP BLU-DIAMOND-ROSE<\/span>, om.\u00a0<\/span>Marianna Kan\u00f5\u0161eva, Eesti<\/strong><br \/>\n<strong>2. Manchesteri terjer &#8211;\u00a0<span class=\"b\" style=\"color: #ff0000;\">RATTUSTRAP ENGLANDS OWN<\/span>\u00a0&amp;<span class=\"b\">\u00a0<span style=\"color: #ff0000;\">BLACK MANTER&#8217;S POLAR STAR<\/span><\/span>\u00a0, om. P\u00e4ivi Hituri, Finland<\/strong><br \/>\n<strong>3. Foksterjer, karmikarvaline &#8211;\u00a0<span style=\"color: #ff0000;\">DANDIEPRAID DELAGARDIE<\/span> &amp;\u00a0<span class=\"b\"><span style=\"color: #ff0000;\">READY STEADY MISS DANDIEPRAID<\/span>, om.\u00a0<\/span>Natalja Volkova &amp; Svetlana Volkova, Eesti<\/strong><br \/>\n<strong>4. Bullterjer &#8211;\u00a0<span class=\"b\" style=\"color: #ff0000;\">MOYSTAFF EXODUS<\/span>\u00a0&amp;\u00a0<span class=\"b\"><span style=\"color: #ff0000;\">COXGAL MUIN NA MUICE<\/span>, om.\u00a0<\/span>Egle Pakenaite, Lithuania<\/strong><\/p>\n<p><a href=\"http:\/\/terrier.ee\/wp-content\/uploads\/2017\/10\/2IMGP0316.jpg\"><img loading=\"lazy\" decoding=\"async\" class=\"alignnone size-full wp-image-528\" src=\"http:\/\/terrier.ee\/wp-content\/uploads\/2017\/10\/2IMGP0316.jpg\" alt=\"\" width=\"627\" height=\"640\" srcset=\"https:\/\/terrier.ee\/wp-content\/uploads\/2017\/10\/2IMGP0316.jpg 627w, https:\/\/terrier.ee\/wp-content\/uploads\/2017\/10\/2IMGP0316-294x300.jpg 294w\" sizes=\"(max-width: 627px) 100vw, 627px\" \/><\/a><a href=\"http:\/\/terrier.ee\/wp-content\/uploads\/2017\/10\/2IMGP0307.jpg\">\u00a0\u00a0<img loading=\"lazy\" decoding=\"async\" class=\"alignnone size-full wp-image-526\" src=\"http:\/\/terrier.ee\/wp-content\/uploads\/2017\/10\/2IMGP0307.jpg\" alt=\"\" width=\"640\" height=\"246\" srcset=\"https:\/\/terrier.ee\/wp-content\/uploads\/2017\/10\/2IMGP0307.jpg 640w, https:\/\/terrier.ee\/wp-content\/uploads\/2017\/10\/2IMGP0307-300x115.jpg 300w\" sizes=\"(max-width: 640px) 100vw, 640px\" \/><\/a><\/p>\n","protected":false},"excerpt":{"rendered":"<p>40. juubelin\u00e4itus 18.08.2017 Kohtunikud: Inese Pablaka (L\u00e4ti) Dina Korna (Eesti) T\u00c4ISTULEMUSED BEST IN SHOW Kohtunik Inese Pablaka &nbsp; 1. K\u00e4\u00e4busbullterjer &#8211; AXTOM TERRA SNOWDUST, om. Tiina Tohv, Eesti 2.\u00a0Airedale`i terjer \u2013\u00a0SAREDON DELIVERANCE, om. John Averis ja Jekaterina Kantijevskaja, Eesti 3. \u0160oti terjer &#8211; MARLAND TRESOR, om. Viive Maranik, Eesti 4. Ameerika Staffordshire`i terjer &#8211;\u00a0JOHNNY DEPP <a class=\"read-more\" href=\"https:\/\/terrier.ee\/index.php\/40-erinaitus\/\">Read More<\/a><\/p>\n","protected":false},"author":1,"featured_media":0,"parent":0,"menu_order":0,"comment_status":"closed","ping_status":"closed","template":"template-full-width.php","meta":{"footnotes":""},"class_list":["post-495","page","type-page","status-publish","hentry"],"_links":{"self":[{"href":"https:\/\/terrier.ee\/index.php\/wp-json\/wp\/v2\/pages\/495"}],"collection":[{"href":"https:\/\/terrier.ee\/index.php\/wp-json\/wp\/v2\/pages"}],"about":[{"href":"https:\/\/terrier.ee\/index.php\/wp-json\/wp\/v2\/types\/page"}],"author":[{"embeddable":true,"href":"https:\/\/terrier.ee\/index.php\/wp-json\/wp\/v2\/users\/1"}],"replies":[{"embeddable":true,"href":"https:\/\/terrier.ee\/index.php\/wp-json\/wp\/v2\/comments?post=495"}],"version-history":[{"count":5,"href":"https:\/\/terrier.ee\/index.php\/wp-json\/wp\/v2\/pages\/495\/revisions"}],"predecessor-version":[{"id":540,"href":"https:\/\/terrier.ee\/index.php\/wp-json\/wp\/v2\/pages\/495\/revisions\/540"}],"wp:attachment":[{"href":"https:\/\/terrier.ee\/index.php\/wp-json\/wp\/v2\/media?parent=495"}],"curies":[{"name":"wp","href":"https:\/\/api.w.org\/{rel}","templated":true}]}}