{"id":357,"date":"2017-05-03T18:31:41","date_gmt":"2017-05-03T18:31:41","guid":{"rendered":"http:\/\/terrier.ee\/?page_id=357"},"modified":"2017-05-03T18:32:47","modified_gmt":"2017-05-03T18:32:47","slug":"top-2010","status":"publish","type":"page","link":"https:\/\/terrier.ee\/index.php\/top-2010\/","title":{"rendered":"TOP 2010"},"content":{"rendered":"<p><img loading=\"lazy\" decoding=\"async\" class=\"size-full wp-image-358 aligncenter\" src=\"http:\/\/terrier.ee\/wp-content\/uploads\/2017\/05\/Ryder2_2010.jpg\" alt=\"\" width=\"600\" height=\"431\" srcset=\"https:\/\/terrier.ee\/wp-content\/uploads\/2017\/05\/Ryder2_2010.jpg 600w, https:\/\/terrier.ee\/wp-content\/uploads\/2017\/05\/Ryder2_2010-300x216.jpg 300w\" sizes=\"(max-width: 600px) 100vw, 600px\" \/><\/p>\n<p>&nbsp;<\/p>\n<p><strong>1. <\/strong>(102p) welshi terjer &#8211; <strong>Shaireab`s Bayleigh Ticket to Ride<\/strong>, om. Anu-Sirje Keerd<br \/>\n<strong>2.<\/strong> (80p) airedale`i terjer &#8211; <strong>Katherina`s Land Quite So<\/strong>, om. Jekterina Kantijevskaja<br \/>\n<strong>3.<\/strong> (80p) karmikarvaline foksterjer &#8211;<strong> Dandiepraid Delagardie<\/strong>, om. Natalja &amp; Svetlana Volkova<\/p>\n<p><strong><br \/>\n<span style=\"color: #ff0000;\">AASTA JUUNIORTERJER 2010<\/span><\/strong><br \/>\n<strong>1. <\/strong>(46p) \u0161oti terjer &#8211; <strong>Marland Yan Yadonis<\/strong>, om. Jaanus T\u00fcli<br \/>\n<strong>2. <\/strong>(33p) k\u00e4\u00e4bus bullterrier &#8211; <strong>Debully Terra<\/strong>, om. Tiina Tohv<br \/>\n3. (32p) skye terjer &#8211;<strong> Juger Edelweiss Guardian Angel<\/strong>, om. Julia &amp; Mihhail Knut, Sirje Puusepp ja Eerika Jansen<br \/>\n<span style=\"color: #ff0000;\"><strong>AASTA ARETUSTERJER 2010<\/strong><\/span><br \/>\n<strong>1.<\/strong> (203p) \u0161oti terjer &#8211;<strong> Raglan Rufus<\/strong>, om Viive Maranik<br \/>\n<strong>2.<\/strong> (155p) airedale`i terjer &#8211;<strong> Katherina`s Land No Problem<\/strong>, om. Jekaterina Kantijevskaja<br \/>\n<span style=\"color: #ff0000;\"><strong>AASTA TERJERIKASVATAJA 2010<\/strong><\/span><br \/>\n<strong>1.<\/strong> (225p) \u0161oti terjer &#8211;<strong> Marland<\/strong>, om. Viive Maranik<br \/>\n<strong>2.<\/strong> (191p) airedale`i terjer &#8211;<strong> Katherina`s Land<\/strong>, om. Jekaterina Kantijevskaja<br \/>\n<span style=\"color: #ff0000;\"><strong>AATA AGILITY TERJER 2010<\/strong><\/span><br \/>\n<strong>1.<\/strong> (66p) welshi terjer &#8211;<strong> Wonder Babe Of Happytails<\/strong>, om. Anu-Sirje Keerd<br \/>\n<strong>2.<\/strong> (52p) Jack russeli terjer &#8211; <strong>Just Patrick V.Statum<\/strong>, om. Epp Keevallik<br \/>\n<strong>3.<\/strong> (35p) Norwichi terjer &#8211;<strong> Phoenix Emperor Deshima Dona Sol<\/strong>, om. Siiri Ernesaks<br \/>\n<span style=\"color: #ff0000;\"><strong>AASTA WELSHI TERJER 2010<\/strong><\/span><br \/>\n<strong>1.<\/strong> (102p) <strong>Shaireab`s Bayleigh Ticket to Ride<\/strong>, om. Anu-Sirje Keerd<br \/>\n<span style=\"color: #ff0000;\"><strong>AASTA EESTIS S\u00dcNDINUD TERJER 2010<\/strong><\/span><br \/>\nAiredale`i terjer &#8211;<strong> Katherina`s Land Quite So<\/strong>, om. Jekaterina Kantijevskaja<\/p>\n","protected":false},"excerpt":{"rendered":"<p>&nbsp; 1. (102p) welshi terjer &#8211; Shaireab`s Bayleigh Ticket to Ride, om. Anu-Sirje Keerd 2. (80p) airedale`i terjer &#8211; Katherina`s Land Quite So, om. Jekterina Kantijevskaja 3. (80p) karmikarvaline foksterjer &#8211; Dandiepraid Delagardie, om. Natalja &amp; Svetlana Volkova AASTA JUUNIORTERJER 2010 1. (46p) \u0161oti terjer &#8211; Marland Yan Yadonis, om. Jaanus T\u00fcli 2. (33p) k\u00e4\u00e4bus <a class=\"read-more\" href=\"https:\/\/terrier.ee\/index.php\/top-2010\/\">Read More<\/a><\/p>\n","protected":false},"author":1,"featured_media":0,"parent":0,"menu_order":0,"comment_status":"closed","ping_status":"closed","template":"template-full-width.php","meta":{"footnotes":""},"class_list":["post-357","page","type-page","status-publish","hentry"],"_links":{"self":[{"href":"https:\/\/terrier.ee\/index.php\/wp-json\/wp\/v2\/pages\/357"}],"collection":[{"href":"https:\/\/terrier.ee\/index.php\/wp-json\/wp\/v2\/pages"}],"about":[{"href":"https:\/\/terrier.ee\/index.php\/wp-json\/wp\/v2\/types\/page"}],"author":[{"embeddable":true,"href":"https:\/\/terrier.ee\/index.php\/wp-json\/wp\/v2\/users\/1"}],"replies":[{"embeddable":true,"href":"https:\/\/terrier.ee\/index.php\/wp-json\/wp\/v2\/comments?post=357"}],"version-history":[{"count":1,"href":"https:\/\/terrier.ee\/index.php\/wp-json\/wp\/v2\/pages\/357\/revisions"}],"predecessor-version":[{"id":359,"href":"https:\/\/terrier.ee\/index.php\/wp-json\/wp\/v2\/pages\/357\/revisions\/359"}],"wp:attachment":[{"href":"https:\/\/terrier.ee\/index.php\/wp-json\/wp\/v2\/media?parent=357"}],"curies":[{"name":"wp","href":"https:\/\/api.w.org\/{rel}","templated":true}]}}