{"id":24,"date":"2017-04-11T09:14:23","date_gmt":"2017-04-11T09:14:23","guid":{"rendered":"http:\/\/terrier.ee\/?page_id=24"},"modified":"2018-09-18T07:25:44","modified_gmt":"2018-09-18T07:25:44","slug":"pohikiri","status":"publish","type":"page","link":"https:\/\/terrier.ee\/index.php\/pohikiri\/","title":{"rendered":"P\u00f5hikiri"},"content":{"rendered":"<p style=\"text-align: center;\"><strong>MT\u00dc EESTI TERJERI\u00dcHING P\u00d5HIKIRI<\/strong><\/p>\n<p>Vastu v\u00f5etud ET\u00dc \u00fcldkoosolekul 26.06.2018<\/p>\n<p style=\"text-align: left;\"><strong>1. \u00dcLDS\u00c4TTED<\/strong><br \/>\n1.1. Eesti Terjeri\u00fching on mittetulundus\u00fching.<br \/>\n1.2. Eesti Terjeri\u00fchingu l\u00fchinimetus on ET\u00dc ja ingliskeelne nimetus Estonian Terrier Club.<br \/>\n1.3. ET\u00dc asukoht on Tallinn.<br \/>\n1.4. ET\u00dc on era\u00f5iguslik juriidiline isik, kellel on iseseisev bilanss, pangaarve ja s\u00fcmboolika.<br \/>\n1.5. ET\u00dc juhindub oma tegevuses k\u00e4esolevast p\u00f5hikirjast. K\u00e4esoleva p\u00f5hikirjaga reguleerimata k\u00fcsimustes juhindub ET\u00dc kehtivast\u00a0 \u00a0 \u00a0 seadusandlusest ning Eesti Kennelliidu ja FCI otsustest<br \/>\n1.6. ET\u00dc majandusaasta algab 1. jaanuaril ja l\u00f5peb 31. detsembril.<\/p>\n<p style=\"text-align: left;\"><strong>2. ET\u00dc EESM\u00c4RK<\/strong><br \/>\n2.1. ET\u00dc eesm\u00e4rgiks on:<br \/>\n2.1.1. \u00dchendada isikuid, kelle tegevus v\u00f5i huvi on seotud terjeritega.<br \/>\n2.1.2. Kaitsta ja edendada oma liikmete huve.<br \/>\n2.1.3. Aidata kaasa terjerit\u00f5ugude parandamisele, nende t\u00f5ugude t\u00f5ustandardile vastavate tervete ning t\u00f5ule vastavalt kasutusk\u00f5lblike koerte vastutustundlikule ja teadlikule t\u00f5ukohasele kasvatamisele ja aretamisele.<br \/>\n2.1.4. Propageerida lugupidavat ja heaperemehelikku suhtumist koertesse ja loodusesse.<br \/>\n2.2. Oma eesm\u00e4rkide t\u00e4itmiseks ET\u00dc:<br \/>\n2.2.1. Kogub, vahendab ja levitab k\u00fcnoloogilist teavet terjerite kohta.<br \/>\n2.2.2. Korraldab n\u00e4itusi, v\u00f5istlusi, koolitust, katseid, \u00f5ppusi, seminare ja teisi \u00fcritusi.<br \/>\n2.2.3. Teeb koost\u00f6\u00f6d teiste riikide k\u00fcnoloogiliste organisatsioonidega.<br \/>\n2.2.4. Arendab muud tegevust, mis on seotud ET\u00dc p\u00f5hikirjaliste eesm\u00e4rkide t\u00e4itmisega.<\/p>\n<p style=\"text-align: left;\"><strong>3. LIIKMESKOND<\/strong><br \/>\n3.1. ET\u00dc liikmeks v\u00f5ib olla iga f\u00fc\u00fcsiline v\u00f5i juriidiline isik, kes on avaldanud selleks soovi ja kes vastab p\u00f5hikirja n\u00f5uetele. F\u00fc\u00fcsiline isik v\u00f5ib olla ET\u00dc aastaliige, eluaegne liige, noorliige (alla 15 aasta) v\u00f5i auliige. Juriidiline isik v\u00f5ib olla ET\u00dc aastaliige.<br \/>\n3.2. Liikmeks astumine.<br \/>\n3.2.1. ET\u00dc aastaliikmeks, eluaegseks liikmeks v\u00f5i noorliikmeks astuda soovija esitab juhatusele liikmeks astuja avaldus-ankeedi ning tasub sisseastumis- ja liikmemaksu. ET\u00dc auliikmeks v\u00f5ib saada inimene, kes on teinud suure t\u00f6\u00f6 m\u00f5ne terjerit\u00f5u heaks ning kelle kandidatuuri on \u00fcheh\u00e4\u00e4lselt heaks kiitnud juhatus ning lihth\u00e4\u00e4leenamusega kinnitanud \u00fcldkoosolek.<br \/>\n3.2.2. Liikmeks soovija loetakse ET\u00dc liikmeks tema avaldus-ankeedi p\u00f5hjal sisseastumis- ja liikmemaksu tasumise p\u00e4evast. Auliige loetakse ET\u00dc liikmeks p\u00e4evast, mil kandidatuuri kinnitab \u00fcldkoosolek. Auliige ei pea tasuma liitumis- ega liikmemaksu.<br \/>\n3.2.3. Kui juhatus keeldub uue liikme vastuv\u00f5tmisest, peab juhatus teatama keeldumise p\u00f5hjuse ning tagastama liikmeks soovijale tema poolt tasutud maksu.<br \/>\n3.3. Liikme v\u00e4ljaastumine.<br \/>\n3.3.1 ET\u00dc-st v\u00e4ljaastumiseks peab liige esitama juhatusele avalduse.<br \/>\n3.3.2 Liige loetakse v\u00e4ljaastunuks avalduse esitamise p\u00e4evast.<br \/>\n3.3.3. Makstud liikmemaksu v\u00e4ljaastunud liikmele ei tagastata.<br \/>\n3.3.4. V\u00e4ljaastunud liige peab ET\u00dc juhatusele viie p\u00e4eva jooksul tagastama tema k\u00e4es oleva ET\u00dc vara.<br \/>\n3.4. Liikme v\u00e4ljaarvamine<br \/>\n3.4.1. Juhatus v\u00f5ib oma otsusega arvata liikme ET\u00dc-st v\u00e4lja, kui ta pole tasunud liikmemaksu 1 kuu jooksul p\u00e4rast eelmise liikmemaksuperioodi l\u00f5ppu ja\/v\u00f5i p\u00f5hikirjas\u00e4tete t\u00e4itmata j\u00e4tmise t\u00f5ttu.<br \/>\n3.4.2. Liikme v\u00e4ljaarvamisest peab juhatus teavitama liiget kirjalikult kahe p\u00e4eva jooksul p\u00e4rast vastava otsuse vastuv\u00f5tmist, p\u00e4rast mida liige peab tagastama juhatusele tema k\u00e4es olnud ET\u00dc vara neljateistk\u00fcmne p\u00e4eva jooksul p\u00e4rast juhatuse otsuse v\u00e4ljasaatmist.<br \/>\n3.4.3. ET\u00dc-st v\u00e4lja arvatud liikmele ei tagastata tasutud makse.<br \/>\n3.5. ET\u00dc liikmel on \u00f5igus:<br \/>\n3.5.1. v\u00f5tta osa \u00fcldkoosolekust isiklikult v\u00f5i lihtkirjaliku volikirjaga esindaja kaudu, kes peab olema ET\u00dc liige;<br \/>\n3.5.2. valida ja olla valitud ET\u00dc juhatuse, revisjonikomisjoni jm. organi liikmeks, v.a. noorliikmed;<br \/>\n3.5.3. saada juhatuselt ja muudelt ET\u00dc organitelt teavet ET\u00dc tegevuse kohta;<br \/>\n3.5.4. osaleda ET\u00dc \u00fcritustel;<br \/>\n3.5.5. astuda ET\u00dc-st v\u00e4lja;<br \/>\n3.5.6. kasutada teisi p\u00f5hikirjast tulenevaid \u00f5igusi.<br \/>\n3.6. ET\u00dc liige on kohustatud:<br \/>\n3.6.1. j\u00e4rgima k\u00e4esolevat p\u00f5hikirja ning ET\u00dc juhtimis- ja kontrollorganite otsuseid;<br \/>\n3.6.2. tasuma t\u00e4htaegselt liikmemaksu;<br \/>\n3.6.3. teatama juhatusele viivitamatult muudatustest oma kontaktandmetes.<br \/>\n3.7. Liikmemaks. 3.7.1. Liikmemaksu ja sisseastumismaksu suuruse m\u00e4\u00e4rab \u00fcldkoosolek.<br \/>\n3.7.2. \u00dche kuu jooksul p\u00e4rast liikmemaksu tasumise t\u00e4htaja l\u00f5ppemist on liikmel v\u00f5imalus liikmemaksu tasuda tagasiulatuvalt ilma sisseastumismaksuta.<\/p>\n<p style=\"text-align: left;\"><strong>4. \u00dcLDKOOSOLEK<\/strong><br \/>\n4.1. ET\u00dc k\u00f5rgeimaks organiks on \u00fcldkoosolek.<br \/>\n4.2. \u00dcldkoosolekud on korralised ja erakorralised.<br \/>\n4.3. Korraline \u00fcldkoosolek toimub v\u00e4hemalt \u00fcks kord aastas p\u00e4rast majandusaasta l\u00f5ppu.<br \/>\n4.4. Erakorraline \u00fcldkoosolek toimub juhatuse, revisjonikomisjoni v\u00f5i v\u00e4hemalt 10% liikmete kirjalikul n\u00f5udmisel, milles on n\u00e4idatud koosoleku kokkukutsumise p\u00f5hjus. Erakorraline koosolek tuleb l\u00e4bi viia hiljemalt 30 p\u00e4eva m\u00f6\u00f6dumisel n\u00f5udmise esitamisest.<br \/>\n4.5. \u00dcldkoosoleku kutsub kokku ja valmistab ette ET\u00dc juhatus. Kui juhatus ei kutsu kokku erakorralist \u00fcldkoosolekut, kutsuvad \u00fcldkoosoleku kokku need, kes seda n\u00f5uavad.<br \/>\n4.6. \u00dcldkoosoleku kokkukutsumiseks saadab juhatus igale liikmele v\u00e4hemalt 15 p\u00e4eva enne koosoleku toimumist kirjaliku teate, n\u00e4idates \u00e4ra \u00fcldkoosoleku toimumise aja, koha ja p\u00e4evakorra.<br \/>\n4.7. \u00dcldkoosolek on otsustusp\u00e4dev s\u00f5ltumata kohaletulnud liikmete arvust.<br \/>\n4.8. Igal liikmel on 1 h\u00e4\u00e4l. \u00dcldkoosoleku otsus on vastu v\u00f5etud, kui selle poolt h\u00e4\u00e4letab \u00fcle poole koosolekul osalenud liikmetest ja ET\u00dc p\u00f5hikiri v\u00f5i seadus ei n\u00e4e ette suurema h\u00e4\u00e4lteenamuse n\u00f5uet. Juhul, kui h\u00e4\u00e4led jagunevad v\u00f5rdselt, otsustatakse isikuvalimiste puhul k\u00fcsimus liisuga, muudes k\u00fcsimustes saab m\u00e4\u00e4ravaks koosoleku juhataja toetatav seisukoht. \u00dcldkoosolek otsustab, kas h\u00e4\u00e4letus on avalik v\u00f5i salajane.<br \/>\n4.9. ET\u00dc p\u00f5hikirja muutmiseks ja ET\u00dc tegevuse l\u00f5petamiseks on vajalik \u00fcle 2\/3 \u00fcldkoosolekul osalevate liikmete poolth\u00e4\u00e4l. Eesm\u00e4rgi muutmiseks on vajalik v\u00e4hemalt 9\/10 ET\u00dc liikmete poolth\u00e4\u00e4l.<br \/>\n4.10. \u00dcldkoosolek on p\u00e4dev lahendama k\u00f5iki ET\u00dc tegevusega seotud k\u00fcsimusi.<br \/>\n4.11. \u00dcldkoosoleku ainup\u00e4devusse kuulub:<br \/>\n4.11.1. P\u00f5hikirja muutmine;<br \/>\n4.11.2. Juhatuse, revisjonikomisjoni ja muude komisjonide valimine;<br \/>\n4.11.3. Liikme- ja sisseastumismaksude suuruse kinnitamine;<br \/>\n4.11.4. Raamatupidamise aastaaruande, tegevusaruande ja revisjonikomisjoni aruande kinnitamine;<br \/>\n4.11.5. Tegevuse reorganiseerimine v\u00f5i tegevuse l\u00f5petamine;<br \/>\n4.11.6. Juhatuse v\u00f5i muu organi liikmega tehingu tegemise v\u00f5i tema vastu n\u00f5ude esitamise otsustamine.<\/p>\n<p style=\"text-align: left;\"><strong>5. JUHATUS JA REVISJONIKOMISJON<\/strong><br \/>\n5.1. ET\u00dc juhatus on 3-5 liikmeline alaliselt tegutsev juhtimisorgan, mis valitakse \u00fcldkoosoleku poolt 3 aastaks.<br \/>\n5.2. Juhatus juhib ja korraldab ET\u00dc t\u00f6\u00f6d \u00fcldkoosolekute vahelisel ajal.<br \/>\n5.3. Juhatuse kohustuste hulka kuulub:<br \/>\n5.3.1. liikmete \u00fcle arvestuse pidamine;<br \/>\n5.3.2. ET\u00dc tegevuse, asjaajamise ja raamatupidamise korraldamine, ET\u00dc rahaliste vahendite ja omandi eesm\u00e4rgip\u00e4rase kasutamise tagamine. 5.3.3. Raamatupidamise aastaaruande ja tegevusaruande koostamine.<br \/>\n5.3.4. \u00dcldkoosolekute ettevalmistamine ja kokkukutsumine<br \/>\n5.3.5. Juhatuse siseselt \u00fclesannete jaotamine<br \/>\n5.4. Juhatuse p\u00e4devusse kuulub:<br \/>\n5.4.1. Liikmete, v.a. auliikmete, vastuv\u00f5tmine ja v\u00e4ljaarvamine<br \/>\n5.4.2. muude k\u00fcsimuste lahendamine ja otsuste vastuv\u00f5tmine, mis ei kuulu \u00fcldkoosoleku ainup\u00e4devusse.<br \/>\n5.5. Juhatuse liikmed valivad endi hulgast juhatuse esimehe ja aseesimehe.<br \/>\n5.6. Juhatuse esimees<br \/>\n5.6.1. koordineerib juhatuse t\u00f6\u00f6d<br \/>\n5.6.2. omab esimese allkirja \u00f5igust;<br \/>\n5.6.3. k\u00e4sutab juhatuse otsuste alusel ET\u00dc vahendeid, s\u00f5lmib jooksva tegevusega seotud lepinguid, annab v\u00e4lja volikirju;<br \/>\n5.6.4. koostab ja esitab juhatusele ET\u00dc tegevusaruande;<br \/>\n5.6.5. esindab ET\u00dc\u2019d juhatuse poolt antud volituste piires Eesti Vabariigis ja v\u00e4lisriikides;<br \/>\n5.7. Juhatuse liikmel on \u00f5igus esindada ET\u00dc\u2019d k\u00f5igis k\u00fcsimustes juhatuse otsuse alusel.<br \/>\n5.8. Juhatuse koosolek.<br \/>\n5.8.1. Juhatuse koosoleku kutsub kokku ET\u00dc juhatuse esimees:<br \/>\n5.8.1.1. omal algatusel;<br \/>\n5.8.1.2. v\u00e4hemalt 2 juhatuse liikme n\u00f5udmisel;<br \/>\n5.8.1.3. revidendi n\u00f5udmisel;<br \/>\n5.8.2. Juhatus k\u00e4ib koos mitte harvemini kui kord kvartalis, koosolek v\u00f5ib toimuda ka elektroonselt.<br \/>\n5.8.3. Juhatus on otsustusv\u00f5imeline, kui koosolekul osaleb v\u00e4hemalt 3 juhatuse liiget.<br \/>\n5.8.4. Juhatuse otsused v\u00f5etakse vastu lihth\u00e4\u00e4lteenamusega. H\u00e4\u00e4lte jagunemisel v\u00f5rdselt poolt- ja vastuh\u00e4\u00e4lteks on otsustav juhatuse esimehe h\u00e4\u00e4l.<br \/>\n5.8.5. Juhatuse koosoleku kohta koostatakse protokoll ja sellele kirjutavad alla koosolekul osalenud juhatuse liikmed, s.h. protokollija. Protokollis peavad olema fikseeritud poolt- ja vastuh\u00e4\u00e4led iga otsuse kohta.<br \/>\n5.9. Revisjonikomisjon.<br \/>\n5.9.1. ET\u00dc kontrollorgan on 2-3 liikmeline revisjonikomisjon, mis valitakse \u00fcldkoosoleku poolt kolmeks aastaks ja kus on kuni kolm p\u00f5hiliiget ja vajadusel \u00fcks varuliige.<br \/>\n5.9.2. Revisjonikomisjon teostab kontrolli ET\u00dc tegevuse, eelk\u00f5ige finantsmajandusliku tegevuse \u00fcle. Revisjonikomisjon omab juurdep\u00e4\u00e4su ET\u00dc dokumentatsioonile ning tal on \u00f5igus n\u00f5uda selgitusi ja muud abi oma \u00fclesannete t\u00e4itmiseks. Revisjonikomisjon viib l\u00e4bi v\u00e4hemalt 1 revisjoni enne raamatupidamis- ja tegevusaruande kinnitamist \u00fcldkoosoleku poolt. Selleks koostab revisjonikomisjon revisjoniaruande ja esitab selle \u00fcldkoosolekule.<\/p>\n<p style=\"text-align: left;\"><strong>6. ET\u00dc REORGANISEERIMINE JA TEGEVUSE L\u00d5PETAMINE<\/strong>.<br \/>\n6.1. ET\u00dc reorganiseerimine toimub \u00fcldkoosoleku otsuse alusel.<br \/>\n6.2. Otsuses n\u00e4idatakse \u00f5igusj\u00e4rglane(sed), kellele l\u00e4hevad ET\u00dc \u00f5igused ja kohustused.<br \/>\n6.3. ET\u00dc tegevus l\u00f5petatakse kohtuotsusega v\u00f5i \u00fcldkoosoleku otsusega v\u00f5i muudel seadusega etten\u00e4htud juhtudel ja korras.<br \/>\n6.4. ET\u00dc tegevuse l\u00f5petamiseks moodustab \u00fcldkoosolek ET\u00dc likvideerimiskomisjoni, kellele l\u00e4hevad \u00fcle juhatuse ja juhatuse esimehe volitused.<br \/>\n6.5. ET\u00dc likvideerimise komisjon peab 30 p\u00e4eva jooksul informeerima ET\u00dc likvideerimisest k\u00f5iki v\u00f5lausaldajaid ja lepingupartnereid.<br \/>\n6.6. ET\u00dc tegevus loetakse l\u00f5ppenuks likvideerimiskomisjoni otsusega ja see tehakse teatavaks vabariiklikus ajakirjanduses. Likvideerimiskomisjon korraldab ET\u00dc vahendite ja vara m\u00fc\u00fcgi ning lepingute l\u00f5petamisega kaasnevate kohustuste t\u00e4itmise.<br \/>\n6.7. ET\u00dc tegevuse l\u00f5ppedes l\u00e4heb arhiiv ja allesj\u00e4\u00e4nud vara \u00fcle EKL- le v\u00f5i \u00f5igusj\u00e4rglasele ET\u00dc viimase \u00fcldkoosoleku otsuse alusel.<\/p>\n","protected":false},"excerpt":{"rendered":"<p>MT\u00dc EESTI TERJERI\u00dcHING P\u00d5HIKIRI Vastu v\u00f5etud ET\u00dc \u00fcldkoosolekul 26.06.2018 1. \u00dcLDS\u00c4TTED 1.1. Eesti Terjeri\u00fching on mittetulundus\u00fching. 1.2. Eesti Terjeri\u00fchingu l\u00fchinimetus on ET\u00dc ja ingliskeelne nimetus Estonian Terrier Club. 1.3. ET\u00dc asukoht on Tallinn. 1.4. ET\u00dc on era\u00f5iguslik juriidiline isik, kellel on iseseisev bilanss, pangaarve ja s\u00fcmboolika. 1.5. ET\u00dc juhindub oma tegevuses k\u00e4esolevast p\u00f5hikirjast. K\u00e4esoleva p\u00f5hikirjaga <a class=\"read-more\" href=\"https:\/\/terrier.ee\/index.php\/pohikiri\/\">Read More<\/a><\/p>\n","protected":false},"author":1,"featured_media":0,"parent":0,"menu_order":0,"comment_status":"closed","ping_status":"closed","template":"template-full-width.php","meta":{"footnotes":""},"class_list":["post-24","page","type-page","status-publish","hentry"],"_links":{"self":[{"href":"https:\/\/terrier.ee\/index.php\/wp-json\/wp\/v2\/pages\/24"}],"collection":[{"href":"https:\/\/terrier.ee\/index.php\/wp-json\/wp\/v2\/pages"}],"about":[{"href":"https:\/\/terrier.ee\/index.php\/wp-json\/wp\/v2\/types\/page"}],"author":[{"embeddable":true,"href":"https:\/\/terrier.ee\/index.php\/wp-json\/wp\/v2\/users\/1"}],"replies":[{"embeddable":true,"href":"https:\/\/terrier.ee\/index.php\/wp-json\/wp\/v2\/comments?post=24"}],"version-history":[{"count":5,"href":"https:\/\/terrier.ee\/index.php\/wp-json\/wp\/v2\/pages\/24\/revisions"}],"predecessor-version":[{"id":912,"href":"https:\/\/terrier.ee\/index.php\/wp-json\/wp\/v2\/pages\/24\/revisions\/912"}],"wp:attachment":[{"href":"https:\/\/terrier.ee\/index.php\/wp-json\/wp\/v2\/media?parent=24"}],"curies":[{"name":"wp","href":"https:\/\/api.w.org\/{rel}","templated":true}]}}