{"id":2,"date":"2017-04-10T12:12:30","date_gmt":"2017-04-10T12:12:30","guid":{"rendered":"http:\/\/terrier.ee\/?page_id=2"},"modified":"2018-10-29T18:18:21","modified_gmt":"2018-10-29T18:18:21","slug":"sample-page","status":"publish","type":"page","link":"https:\/\/terrier.ee\/index.php\/sample-page\/","title":{"rendered":"T\u00d5UD"},"content":{"rendered":"<h3 style=\"text-align: center;\"><strong>Alar\u00fchm 1: K\u00f5rgejalgsed terjerid<\/strong><\/h3>\n<h3 style=\"text-align: center;\"><a href=\"http:\/\/terrier.ee\/wp-content\/uploads\/2017\/04\/AIREDALE-TERJER-1.docx\" target=\"_blank\" rel=\"noopener\">AIREDALE`I TERJER<\/a><br \/>\n<a href=\"http:\/\/terrier.ee\/wp-content\/uploads\/2017\/04\/bedlingtoni-terjer.rtf\">BEDLINGTONI TERJER<\/a><br \/>\n<a href=\"http:\/\/terrier.ee\/wp-content\/uploads\/2017\/04\/borderterjer.docx\" target=\"_blank\" rel=\"noopener\">BORDERTERJER<\/a><br \/>\n<a href=\"http:\/\/terrier.ee\/wp-content\/uploads\/2017\/04\/Foksterjer-kk.doc\" target=\"_blank\" rel=\"noopener\">FOKSTERJER, KARMIKARVALINE<\/a><br \/>\n<a href=\"http:\/\/terrier.ee\/wp-content\/uploads\/2017\/04\/sile-fox.doc\" target=\"_blank\" rel=\"noopener\">FOKSTERJER, SILEDAKARVALINE<\/a><br \/>\nIiri Glen Of Imaali terjer<br \/>\n<a href=\"http:\/\/terrier.ee\/wp-content\/uploads\/2017\/04\/PEHMEKARVALINE-NISUTERJER.docx\" target=\"_blank\" rel=\"noopener\">IIRI PEHMEKARVALINE NISUTERJER<\/a><br \/>\n<a href=\"http:\/\/terrier.ee\/wp-content\/uploads\/2017\/04\/iiri-terjer.docx\" target=\"_blank\" rel=\"noopener\">IIRI TERJER<\/a><br \/>\n<a href=\"http:\/\/terrier.ee\/wp-content\/uploads\/2017\/04\/Kerry-Blue-2.docx\" target=\"_blank\" rel=\"noopener\">KERRY BLUE TERJER<\/a><br \/>\nLakelandi terjer<br \/>\n<a href=\"http:\/\/terrier.ee\/wp-content\/uploads\/2017\/04\/Manchesteri-terjer.docx\" target=\"_blank\" rel=\"noopener\">MANCHESTERI TERJER<\/a><br \/>\n<a href=\"http:\/\/terrier.ee\/wp-content\/uploads\/2017\/04\/parson.doc\" target=\"_blank\" rel=\"noopener\">PARSON RUSSELL`I TERJER<\/a><br \/>\n<a href=\"http:\/\/terrier.ee\/wp-content\/uploads\/2017\/04\/Saksa-jahiterjer-2015.doc\" target=\"_blank\" rel=\"noopener\">SAKSA JAHITERJER<\/a><br \/>\n<a href=\"http:\/\/terrier.ee\/wp-content\/uploads\/2017\/04\/Welsh.docx\" target=\"_blank\" rel=\"noopener\">WELSHI TERJER<\/a><br \/>\n<a href=\"http:\/\/terrier.ee\/wp-content\/uploads\/2017\/04\/BRASIILIA-TERJER.docx\" target=\"_blank\" rel=\"noopener\">BRASIILIA TERJER<\/a><\/h3>\n<p>&nbsp;<\/p>\n<h3 style=\"text-align: center;\"><strong>Alar\u00fchm 2: Madalajalgsed terjerid<\/strong><\/h3>\n<h3 style=\"text-align: center;\"><a href=\"http:\/\/terrier.ee\/wp-content\/uploads\/2017\/04\/Austraalia.docx\" target=\"_blank\" rel=\"noopener\">AUSTRAALIA TERJER<\/a><br \/>\n<a href=\"http:\/\/terrier.ee\/wp-content\/uploads\/2017\/04\/Cairni-terjer.docx\" target=\"_blank\" rel=\"noopener\">CAIRNI TERJER<\/a><br \/>\n<a href=\"http:\/\/terrier.ee\/wp-content\/uploads\/2017\/04\/dandie-dinmont.doc\" target=\"_blank\" rel=\"noopener\">DANDIE DINMONT`I TERJER<\/a><br \/>\nJaapani terjer<br \/>\n<a href=\"http:\/\/terrier.ee\/wp-content\/uploads\/2017\/04\/Jack-Russel.docx\" target=\"_blank\" rel=\"noopener\">JACK RUSSELL`I TERJER<\/a><br \/>\n<a href=\"http:\/\/terrier.ee\/wp-content\/uploads\/2017\/04\/norfolki-terjer.doc\" target=\"_blank\" rel=\"noopener\">NORFOLKI TERJER<\/a><br \/>\n<a href=\"http:\/\/terrier.ee\/wp-content\/uploads\/2017\/04\/Norwichi-terjer.docx\" target=\"_blank\" rel=\"noopener\">NORWICHI TERJER<\/a><br \/>\nSealyhami terjer<br \/>\n<a href=\"http:\/\/terrier.ee\/wp-content\/uploads\/2017\/04\/Skye.doc\" target=\"_blank\" rel=\"noopener\">SKYE TERJER<\/a><br \/>\n<a href=\"http:\/\/terrier.ee\/wp-content\/uploads\/2017\/04\/\u0160oti-terjer.docx\" target=\"_blank\" rel=\"noopener\">SHOTI TERJER<\/a><br \/>\n<a href=\"http:\/\/terrier.ee\/wp-content\/uploads\/2017\/04\/T\u0160EHHI-TERJER.docx\" target=\"_blank\" rel=\"noopener\">T\u0160EHHI TERJER<\/a><br \/>\n<a href=\"http:\/\/terrier.ee\/wp-content\/uploads\/2017\/04\/West-Highland-White-Terjer.docx\">WEST HIGHLANDI TERJER<\/a><\/h3>\n<p>&nbsp;<\/p>\n<h3 style=\"text-align: center;\"><strong>Alar\u00fchm 3: Bull-t\u00fc\u00fcpi terjerid<\/strong><\/h3>\n<h3 style=\"text-align: center;\"><a href=\"http:\/\/terrier.ee\/wp-content\/uploads\/2017\/04\/Amstaff.docx\" target=\"_blank\" rel=\"noopener\">AMEERIKA STAFFORDSHIR<\/a><a href=\"http:\/\/terrier.ee\/wp-content\/uploads\/2017\/04\/Amstaff.docx\" target=\"_blank\" rel=\"noopener\">E`I TERJER<\/a><br \/>\n<a href=\"http:\/\/terrier.ee\/wp-content\/uploads\/2017\/04\/bullterjer.docx\" target=\"_blank\" rel=\"noopener\">BULLTERJER, STANDARD<\/a><br \/>\n<a href=\"http:\/\/terrier.ee\/wp-content\/uploads\/2017\/04\/K\u00e4\u00e4bus-bullterjer.docx\" target=\"_blank\" rel=\"noopener\">BULLTERJER, K\u00c4\u00c4BUS<\/a><br \/>\n<a href=\"http:\/\/terrier.ee\/wp-content\/uploads\/2017\/04\/Staff.doc\" target=\"_blank\" rel=\"noopener\">STAFFORDSHIRE`I BULLTERJER<\/a><\/h3>\n<p>&nbsp;<\/p>\n<h3 style=\"text-align: center;\"><strong>Alar\u00fchm 4: K\u00e4\u00e4busterjerid<\/strong><\/h3>\n<h3 style=\"text-align: center;\"><a href=\"http:\/\/terrier.ee\/wp-content\/uploads\/2017\/04\/AUSTRAALIA-SIIDITERJE1-2.docx\" target=\"_blank\" rel=\"noopener\">AUSTRAALIA SIIDITERJER<\/a><br \/>\n<a href=\"http:\/\/terrier.ee\/wp-content\/uploads\/2017\/04\/Inglise-k\u00e4\u00e4busterjer.docx\" target=\"_blank\" rel=\"noopener\">INGLISE K\u00c4\u00c4BUSTERJER (MUST PIIRGEDA)<\/a><br \/>\n<a href=\"http:\/\/terrier.ee\/wp-content\/uploads\/2017\/04\/York.docx\" target=\"_blank\" rel=\"noopener\">YORKSHIRE`I TERJER<\/a><\/h3>\n<p>&nbsp;<\/p>\n<h3 style=\"text-align: center;\"><strong>Lisa t\u00f5una<\/strong><\/h3>\n<h3 style=\"text-align: center;\"><a href=\"http:\/\/terrier.ee\/wp-content\/uploads\/2017\/04\/Must-terjer.doc\" target=\"_blank\" rel=\"noopener\">MUST TERJER<\/a><\/h3>\n","protected":false},"excerpt":{"rendered":"<p>Alar\u00fchm 1: K\u00f5rgejalgsed terjerid AIREDALE`I TERJER BEDLINGTONI TERJER BORDERTERJER FOKSTERJER, KARMIKARVALINE FOKSTERJER, SILEDAKARVALINE Iiri Glen Of Imaali terjer IIRI PEHMEKARVALINE NISUTERJER IIRI TERJER KERRY BLUE TERJER Lakelandi terjer MANCHESTERI TERJER PARSON RUSSELL`I TERJER SAKSA JAHITERJER WELSHI TERJER BRASIILIA TERJER &nbsp; Alar\u00fchm 2: Madalajalgsed terjerid AUSTRAALIA TERJER CAIRNI TERJER DANDIE DINMONT`I TERJER Jaapani terjer JACK RUSSELL`I <a class=\"read-more\" href=\"https:\/\/terrier.ee\/index.php\/sample-page\/\">Read More<\/a><\/p>\n","protected":false},"author":1,"featured_media":0,"parent":0,"menu_order":0,"comment_status":"closed","ping_status":"open","template":"template-full-width.php","meta":{"footnotes":""},"class_list":["post-2","page","type-page","status-publish","hentry"],"_links":{"self":[{"href":"https:\/\/terrier.ee\/index.php\/wp-json\/wp\/v2\/pages\/2"}],"collection":[{"href":"https:\/\/terrier.ee\/index.php\/wp-json\/wp\/v2\/pages"}],"about":[{"href":"https:\/\/terrier.ee\/index.php\/wp-json\/wp\/v2\/types\/page"}],"author":[{"embeddable":true,"href":"https:\/\/terrier.ee\/index.php\/wp-json\/wp\/v2\/users\/1"}],"replies":[{"embeddable":true,"href":"https:\/\/terrier.ee\/index.php\/wp-json\/wp\/v2\/comments?post=2"}],"version-history":[{"count":5,"href":"https:\/\/terrier.ee\/index.php\/wp-json\/wp\/v2\/pages\/2\/revisions"}],"predecessor-version":[{"id":936,"href":"https:\/\/terrier.ee\/index.php\/wp-json\/wp\/v2\/pages\/2\/revisions\/936"}],"wp:attachment":[{"href":"https:\/\/terrier.ee\/index.php\/wp-json\/wp\/v2\/media?parent=2"}],"curies":[{"name":"wp","href":"https:\/\/api.w.org\/{rel}","templated":true}]}}