{"id":140,"date":"2017-04-11T14:50:57","date_gmt":"2017-04-11T14:50:57","guid":{"rendered":"http:\/\/terrier.ee\/?page_id=140"},"modified":"2022-04-13T19:30:13","modified_gmt":"2022-04-13T19:30:13","slug":"erinaius","status":"publish","type":"page","link":"https:\/\/terrier.ee\/index.php\/erinaius\/","title":{"rendered":"ERIN\u00c4ITUS"},"content":{"rendered":"<h2 style=\"text-align: center;\"><strong>49. terjerite erin\u00e4ituse v\u00f5itja oli<br \/>\nJack Russell`i terjer \u2013\u00a0KASZAVOLGYI-FURGE NUGGET<br \/>\nomanik\u00a0 \u00a0 Irina Mali\u0161a, L\u00e4tist<\/strong><\/h2>\n<p>&nbsp;<\/p>\n<p><a href=\"http:\/\/terrier.ee\/wp-content\/uploads\/2021\/08\/DSC_0871.jpg\"><img loading=\"lazy\" decoding=\"async\" class=\"aligncenter  wp-image-1693\" src=\"http:\/\/terrier.ee\/wp-content\/uploads\/2021\/08\/DSC_0871.jpg\" alt=\"\" width=\"622\" height=\"595\" srcset=\"https:\/\/terrier.ee\/wp-content\/uploads\/2021\/08\/DSC_0871.jpg 800w, https:\/\/terrier.ee\/wp-content\/uploads\/2021\/08\/DSC_0871-300x287.jpg 300w, https:\/\/terrier.ee\/wp-content\/uploads\/2021\/08\/DSC_0871-768x733.jpg 768w\" sizes=\"(max-width: 622px) 100vw, 622px\" \/><\/a><\/p>\n<h2><\/h2>\n<h2 style=\"text-align: center;\"><strong>48. terjerite erin\u00e4ituse v\u00f5itja oli<br \/>\nStaffordshire\u00b4i bullterjer \u2013\u00a0MOONCRAFT\u2019S ITS ME<br \/>\nomanik\u00a0 \u00a0 \u00a0Reili Rooden, Eestist<\/strong><\/h2>\n<p>&nbsp;<\/p>\n<p><a href=\"http:\/\/terrier.ee\/wp-content\/uploads\/2017\/04\/DSC_0408.jpg\"><img loading=\"lazy\" decoding=\"async\" class=\"aligncenter size-full wp-image-1544\" src=\"http:\/\/terrier.ee\/wp-content\/uploads\/2017\/04\/DSC_0408.jpg\" alt=\"\" width=\"663\" height=\"800\" srcset=\"https:\/\/terrier.ee\/wp-content\/uploads\/2017\/04\/DSC_0408.jpg 663w, https:\/\/terrier.ee\/wp-content\/uploads\/2017\/04\/DSC_0408-249x300.jpg 249w\" sizes=\"(max-width: 663px) 100vw, 663px\" \/><\/a><\/p>\n<h2><\/h2>\n<h2 style=\"text-align: center;\"><strong>47. terjerite erin\u00e4ituse v\u00f5itja oli<br \/>\nAiredale`i terjer \u2013\u00a0SAREDON DELOVERANCE<br \/>\nomanikud\u00a0 \u00a0Jekaterina Kantijevskaja &amp; John Averis, Eestist<\/strong><\/h2>\n<p>&nbsp;<\/p>\n<p><a href=\"http:\/\/terrier.ee\/wp-content\/uploads\/2017\/04\/DSC_0269.jpg\"><img loading=\"lazy\" decoding=\"async\" class=\"aligncenter size-full wp-image-1388\" src=\"http:\/\/terrier.ee\/wp-content\/uploads\/2017\/04\/DSC_0269.jpg\" alt=\"\" width=\"481\" height=\"640\" srcset=\"https:\/\/terrier.ee\/wp-content\/uploads\/2017\/04\/DSC_0269.jpg 481w, https:\/\/terrier.ee\/wp-content\/uploads\/2017\/04\/DSC_0269-225x300.jpg 225w\" sizes=\"(max-width: 481px) 100vw, 481px\" \/><\/a><\/p>\n<h2><\/h2>\n<h2 style=\"text-align: center;\"><strong>46. terjerite erin\u00e4ituse v\u00f5itja oli<br \/>\nBrasiilia terjer \u2013\u00a0RILEY BLUE DO JARDIM IMBUI<br \/>\nomanikud\u00a0 Merja Pohjavirta &amp; Pirjo-Riitta Korpinen, Soomest<\/strong><\/h2>\n<p>&nbsp;<\/p>\n<p><a href=\"http:\/\/terrier.ee\/wp-content\/uploads\/2020\/02\/NIK3168.jpg\"><img loading=\"lazy\" decoding=\"async\" class=\"aligncenter wp-image-1275\" src=\"http:\/\/terrier.ee\/wp-content\/uploads\/2020\/02\/NIK3168.jpg\" alt=\"\" width=\"620\" height=\"542\" srcset=\"https:\/\/terrier.ee\/wp-content\/uploads\/2020\/02\/NIK3168.jpg 3210w, https:\/\/terrier.ee\/wp-content\/uploads\/2020\/02\/NIK3168-300x262.jpg 300w, https:\/\/terrier.ee\/wp-content\/uploads\/2020\/02\/NIK3168-768x670.jpg 768w, https:\/\/terrier.ee\/wp-content\/uploads\/2020\/02\/NIK3168-1024x894.jpg 1024w\" sizes=\"(max-width: 620px) 100vw, 620px\" \/><\/a><\/p>\n<h2><\/h2>\n<h2 style=\"text-align: center;\"><strong>45. terjerite erin\u00e4ituse v\u00f5itja oli<br \/>\nAmeerika Staffordshire`i terjer \u2013\u00a0<span class=\"b\">DIABOLICSTAFS I MUST B SCHEHERAZADE<br \/>\nomanikud\u00a0\u00a0<\/span>Henri Harjama &amp; Ceren Ugur, Soomest<\/strong><\/h2>\n<p>&nbsp;<\/p>\n<p><a href=\"http:\/\/terrier.ee\/wp-content\/uploads\/2017\/04\/BEST-IN-SHOW.jpg\"><img loading=\"lazy\" decoding=\"async\" class=\"aligncenter wp-image-1135\" src=\"http:\/\/terrier.ee\/wp-content\/uploads\/2017\/04\/BEST-IN-SHOW.jpg\" alt=\"\" width=\"634\" height=\"433\" srcset=\"https:\/\/terrier.ee\/wp-content\/uploads\/2017\/04\/BEST-IN-SHOW.jpg 3022w, https:\/\/terrier.ee\/wp-content\/uploads\/2017\/04\/BEST-IN-SHOW-300x206.jpg 300w, https:\/\/terrier.ee\/wp-content\/uploads\/2017\/04\/BEST-IN-SHOW-768x526.jpg 768w\" sizes=\"(max-width: 634px) 100vw, 634px\" \/><\/a><\/p>\n<h2><\/h2>\n<h2 style=\"text-align: center;\"><strong>44. terjerite erin\u00e4ituse v\u00f5itja oli<br \/>\nAiredale`i terjer \u2013\u00a0SAREDON DELIVERANCE<br \/>\nomanikud\u00a0 Jekaterina Kantijevskaja &amp; John Averis, Eestist<\/strong><\/h2>\n<p>&nbsp;<\/p>\n<p><a href=\"http:\/\/terrier.ee\/wp-content\/uploads\/2017\/04\/BIS-1-1.jpg\"><img loading=\"lazy\" decoding=\"async\" class=\"aligncenter wp-image-969 \" src=\"http:\/\/terrier.ee\/wp-content\/uploads\/2017\/04\/BIS-1-1.jpg\" alt=\"\" width=\"626\" height=\"909\" srcset=\"https:\/\/terrier.ee\/wp-content\/uploads\/2017\/04\/BIS-1-1.jpg 2136w, https:\/\/terrier.ee\/wp-content\/uploads\/2017\/04\/BIS-1-1-207x300.jpg 207w, https:\/\/terrier.ee\/wp-content\/uploads\/2017\/04\/BIS-1-1-768x1114.jpg 768w, https:\/\/terrier.ee\/wp-content\/uploads\/2017\/04\/BIS-1-1-706x1024.jpg 706w\" sizes=\"(max-width: 626px) 100vw, 626px\" \/><\/a><\/p>\n<h2><\/h2>\n<h2 style=\"text-align: center;\"><strong>43. terjerite erin\u00e4ituse v\u00f5itja oli<br \/>\nYorkshire`i terjer &#8211;\u00a0<span class=\"b\">SUNACHATES NOBBY ANYTIME<br \/>\n<\/span>omanik pr Olga Begena,\u00a0 L\u00e4tist<\/strong><\/h2>\n<p><a href=\"http:\/\/terrier.ee\/wp-content\/uploads\/2017\/04\/2MGP0684.jpg\"><img loading=\"lazy\" decoding=\"async\" class=\"aligncenter size-full wp-image-801\" src=\"http:\/\/terrier.ee\/wp-content\/uploads\/2017\/04\/2MGP0684.jpg\" alt=\"\" width=\"640\" height=\"609\" srcset=\"https:\/\/terrier.ee\/wp-content\/uploads\/2017\/04\/2MGP0684.jpg 640w, https:\/\/terrier.ee\/wp-content\/uploads\/2017\/04\/2MGP0684-300x285.jpg 300w\" sizes=\"(max-width: 640px) 100vw, 640px\" \/><\/a><\/p>\n<p>&nbsp;<\/p>\n<h2 style=\"text-align: center;\"><strong>03.06.2018 toimunud 42 terjerite erin\u00e4ituse v\u00f5itja oli\u00a0<\/strong><\/h2>\n<h4 style=\"text-align: center;\"><span style=\"color: #ff0000;\"><strong>AUSTRAALIA TERJER \u2013\u00a0BLUEPEPPER\u2019S SMILING WEASEL<\/strong><\/span><br \/>\n<strong>Omanikud\u00a0<\/strong><strong>\u00a0MARJO AHOLA &amp; MARITSA VESALAINEN &amp; MIRA PIETIK\u00c4INEN, SOOMEST<\/strong><\/h4>\n<p><a href=\"http:\/\/terrier.ee\/wp-content\/uploads\/2017\/04\/IMGP8537.jpg\"><img loading=\"lazy\" decoding=\"async\" class=\"aligncenter wp-image-694 size-large\" src=\"http:\/\/terrier.ee\/wp-content\/uploads\/2017\/04\/IMGP8537-967x1024.jpg\" alt=\"\" width=\"640\" height=\"678\" srcset=\"https:\/\/terrier.ee\/wp-content\/uploads\/2017\/04\/IMGP8537-967x1024.jpg 967w, https:\/\/terrier.ee\/wp-content\/uploads\/2017\/04\/IMGP8537-283x300.jpg 283w, https:\/\/terrier.ee\/wp-content\/uploads\/2017\/04\/IMGP8537-768x813.jpg 768w\" sizes=\"(max-width: 640px) 100vw, 640px\" \/><\/a><\/p>\n<hr \/>\n<h2 style=\"text-align: center;\"><strong>10.02.2018 toimunud 41 terjerite erin\u00e4ituse v\u00f5itja oli<\/strong><\/h2>\n<p style=\"text-align: center;\"><span style=\"color: #ff0000;\"><strong>CAIRNI TERJER \u2013\u00a0STONEGLADE\u2019S ACAPULCO DAZE<br \/>\n<\/strong><\/span><strong>Omanik Liz H\u00f6gdahl Rootsist<\/strong><\/p>\n<p><a href=\"http:\/\/terrier.ee\/wp-content\/uploads\/2017\/04\/IMGP5441.jpg\"><img loading=\"lazy\" decoding=\"async\" class=\"aligncenter wp-image-599 size-full\" src=\"http:\/\/terrier.ee\/wp-content\/uploads\/2017\/04\/IMGP5441.jpg\" alt=\"\" width=\"640\" height=\"609\" srcset=\"https:\/\/terrier.ee\/wp-content\/uploads\/2017\/04\/IMGP5441.jpg 640w, https:\/\/terrier.ee\/wp-content\/uploads\/2017\/04\/IMGP5441-300x285.jpg 300w\" sizes=\"(max-width: 640px) 100vw, 640px\" \/><\/a><\/p>\n<hr \/>\n<h2 style=\"text-align: center;\"><strong><span style=\"color: #00ff00;\"><span style=\"color: #000000;\">18.0<\/span><\/span>8.2017 toimunud 40. juubelin\u00e4ituse v\u00f5itja on <\/strong><\/h2>\n<h4 style=\"text-align: center;\"><strong><br \/>\n<span style=\"color: #ff0000;\">K\u00e4\u00e4busbullterjer AXTOM TERRA SNOWDUST<\/span><br \/>\nKasvataja ja omanik Tiina Tohv, Eestist!<\/strong><\/h4>\n<p><a href=\"http:\/\/terrier.ee\/wp-content\/uploads\/2017\/04\/2IMGP0460.jpg\"><img loading=\"lazy\" decoding=\"async\" class=\"size-full wp-image-473 aligncenter\" src=\"http:\/\/terrier.ee\/wp-content\/uploads\/2017\/04\/2IMGP0460.jpg\" alt=\"\" width=\"640\" height=\"540\" srcset=\"https:\/\/terrier.ee\/wp-content\/uploads\/2017\/04\/2IMGP0460.jpg 640w, https:\/\/terrier.ee\/wp-content\/uploads\/2017\/04\/2IMGP0460-300x253.jpg 300w\" sizes=\"(max-width: 640px) 100vw, 640px\" \/><\/a><\/p>\n<p>&nbsp;<\/p>\n<hr \/>\n<h2 style=\"text-align: center;\"><strong>11.02.2017 toimunud XXXIX ERIN\u00c4ITUSE v\u00f5itja on\u00a0<\/strong><\/h2>\n<p style=\"text-align: center;\"><strong>\u00a0<span style=\"color: #ff0000;\">Airedale terjer &#8211; <\/span><span class=\"b\"><span style=\"color: #ff0000;\">SAREDON DELIVERANCE<\/span><br \/>\n<\/span>omanikud John Averis ja Jekaterina Kantijevskaja Eestist<\/strong><\/p>\n<p style=\"text-align: center;\"><img loading=\"lazy\" decoding=\"async\" class=\"alignnone size-full wp-image-36\" src=\"http:\/\/terrier.ee\/wp-content\/uploads\/2017\/04\/BIS-1-airedale.jpg\" alt=\"\" width=\"700\" height=\"525\" srcset=\"https:\/\/terrier.ee\/wp-content\/uploads\/2017\/04\/BIS-1-airedale.jpg 700w, https:\/\/terrier.ee\/wp-content\/uploads\/2017\/04\/BIS-1-airedale-300x225.jpg 300w, https:\/\/terrier.ee\/wp-content\/uploads\/2017\/04\/BIS-1-airedale-400x300.jpg 400w\" sizes=\"(max-width: 700px) 100vw, 700px\" \/><\/p>\n<hr \/>\n<h2 style=\"text-align: center;\"><strong>06.02.2016 toimunud XXXVII ERIN\u00c4ITUSE V\u00d5ITJA ON <\/strong><\/h2>\n<p style=\"text-align: center;\"><strong><br \/>\n<span style=\"color: #ff0000;\">Jack Russeli Terjer &#8211; <span class=\"b\">TSARODEJ CARISSIMA<\/span><\/span><\/strong><\/p>\n<p style=\"text-align: center;\"><img loading=\"lazy\" decoding=\"async\" class=\"alignnone wp-image-325\" src=\"http:\/\/terrier.ee\/wp-content\/uploads\/2017\/04\/BIS-1.jpg\" alt=\"\" width=\"507\" height=\"579\" srcset=\"https:\/\/terrier.ee\/wp-content\/uploads\/2017\/04\/BIS-1.jpg 2449w, https:\/\/terrier.ee\/wp-content\/uploads\/2017\/04\/BIS-1-263x300.jpg 263w, https:\/\/terrier.ee\/wp-content\/uploads\/2017\/04\/BIS-1-768x877.jpg 768w, https:\/\/terrier.ee\/wp-content\/uploads\/2017\/04\/BIS-1-896x1024.jpg 896w\" sizes=\"(max-width: 507px) 100vw, 507px\" \/><\/p>\n<hr \/>\n<h2 style=\"text-align: center;\"><strong><span lang=\"ET\">23.08.2015 XXXVI ERIN\u00c4ITUSE, BALTER WINNER V\u00d5ITJA ON\u00a0<\/span><\/strong><\/h2>\n<p style=\"text-align: center;\"><strong><span style=\"color: #ff0000;\">Welshi Terjer &#8211; AK MIL VISTA JUBILEE JIVE\u00a0<\/span><br \/>\nEST JCH, LV JCH, EST CH, LV CH, LT CH, BALT CH, C.I.B. TLN WCup 14<br \/>\n<\/strong><\/p>\n<hr \/>\n<h2 style=\"text-align: center;\"><strong><span lang=\"ET\">14.02.2015 XXXV ERIN\u00c4ITUSE V\u00d5ITJA ON<\/span><\/strong><\/h2>\n<p style=\"text-align: center;\"><strong><span style=\"color: #ff0000;\">Bullterrier DYOUKNOWWHATIMEAN<\/span><br \/>\nFin CH, Nord W13, Fin W14, Hel W14, WW 14<\/strong><\/p>\n","protected":false},"excerpt":{"rendered":"<p>49. terjerite erin\u00e4ituse v\u00f5itja oli Jack Russell`i terjer \u2013\u00a0KASZAVOLGYI-FURGE NUGGET omanik\u00a0 \u00a0 Irina Mali\u0161a, L\u00e4tist &nbsp; 48. terjerite erin\u00e4ituse v\u00f5itja oli Staffordshire\u00b4i bullterjer \u2013\u00a0MOONCRAFT\u2019S ITS ME omanik\u00a0 \u00a0 \u00a0Reili Rooden, Eestist &nbsp; 47. terjerite erin\u00e4ituse v\u00f5itja oli Airedale`i terjer \u2013\u00a0SAREDON DELOVERANCE omanikud\u00a0 \u00a0Jekaterina Kantijevskaja &amp; John Averis, Eestist &nbsp; 46. terjerite erin\u00e4ituse v\u00f5itja oli Brasiilia <a class=\"read-more\" href=\"https:\/\/terrier.ee\/index.php\/erinaius\/\">Read More<\/a><\/p>\n","protected":false},"author":1,"featured_media":0,"parent":0,"menu_order":0,"comment_status":"closed","ping_status":"closed","template":"template-full-width.php","meta":{"footnotes":""},"class_list":["post-140","page","type-page","status-publish","hentry"],"_links":{"self":[{"href":"https:\/\/terrier.ee\/index.php\/wp-json\/wp\/v2\/pages\/140"}],"collection":[{"href":"https:\/\/terrier.ee\/index.php\/wp-json\/wp\/v2\/pages"}],"about":[{"href":"https:\/\/terrier.ee\/index.php\/wp-json\/wp\/v2\/types\/page"}],"author":[{"embeddable":true,"href":"https:\/\/terrier.ee\/index.php\/wp-json\/wp\/v2\/users\/1"}],"replies":[{"embeddable":true,"href":"https:\/\/terrier.ee\/index.php\/wp-json\/wp\/v2\/comments?post=140"}],"version-history":[{"count":5,"href":"https:\/\/terrier.ee\/index.php\/wp-json\/wp\/v2\/pages\/140\/revisions"}],"predecessor-version":[{"id":1797,"href":"https:\/\/terrier.ee\/index.php\/wp-json\/wp\/v2\/pages\/140\/revisions\/1797"}],"wp:attachment":[{"href":"https:\/\/terrier.ee\/index.php\/wp-json\/wp\/v2\/media?parent=140"}],"curies":[{"name":"wp","href":"https:\/\/api.w.org\/{rel}","templated":true}]}}