{"id":1390,"date":"2020-10-28T19:30:06","date_gmt":"2020-10-28T19:30:06","guid":{"rendered":"http:\/\/terrier.ee\/?page_id=1390"},"modified":"2020-10-28T21:01:15","modified_gmt":"2020-10-28T21:01:15","slug":"47-erinaitus","status":"publish","type":"page","link":"https:\/\/terrier.ee\/index.php\/47-erinaitus\/","title":{"rendered":"47. ERIN\u00c4ITUS"},"content":{"rendered":"<p style=\"text-align: center;\"><strong>Me t\u00e4name pr Anne Klaasi, kes aitas meid v\u00e4lja nii vahetult ennem n\u00e4ituse algust ja tuli appi ilusaid terjereid hindama!<\/strong><\/p>\n<p style=\"text-align: center;\"><strong>N\u00e4ituse kauneimaks koeraks valiti tugevas konkurentsis<br \/>\n<span style=\"color: #ff0000;\">Airedale`i terjer &#8211;\u00a0SAREDON DELIVERANCE<\/span>.<br \/>\nTerjeri\u00fching \u00f5nnitleb omanikke Jekaterina Kantijevskaja &amp; John Averis, Eesti.\u00a0<\/strong><\/p>\n<p style=\"text-align: center;\"><a href=\"https:\/\/online.kennelliit.ee\/show\/show.php?lang=0&amp;show=805\" target=\"_blank\" rel=\"noopener\"><strong>T\u00c4ISTULEMUSED<\/strong><\/a><\/p>\n<p>&nbsp;<\/p>\n<p><strong>1.Airedale`i terjer &#8211; <span style=\"color: #ff0000;\">SAREDON DELOVERANCE<\/span>, om.\u00a0Jekaterina Kantijevskaja &amp; John Averis, Eesti<br \/>\n2. Austraalia terjer &#8211; <span style=\"color: #ff0000;\">ARMIRELLI BORN LEADE<\/span>R, om. Anne-Lii Sild, Eesti<br \/>\n3.\u00a0Ameerika Staffordshire`i terjer &#8211; <span class=\"b\"><span style=\"color: #ff0000;\">MAGNI NOMINIS UMBRA S ALMAZNOGO OSTROVA<\/span>, om. Elely S\u00f6\u00f6t, Eesti<br \/>\n4.\u00a0West Higlandi terjer &#8211; <span style=\"color: #ff0000;\">SVETLY<\/span>, om.\u00a0Vivika Volar, Eesti<\/span><\/strong><\/p>\n<p><a href=\"http:\/\/terrier.ee\/wp-content\/uploads\/2017\/04\/DSC_0269.jpg\"><img loading=\"lazy\" decoding=\"async\" class=\"alignnone wp-image-1388 size-medium\" src=\"http:\/\/terrier.ee\/wp-content\/uploads\/2017\/04\/DSC_0269-225x300.jpg\" alt=\"\" width=\"225\" height=\"300\" srcset=\"https:\/\/terrier.ee\/wp-content\/uploads\/2017\/04\/DSC_0269-225x300.jpg 225w, https:\/\/terrier.ee\/wp-content\/uploads\/2017\/04\/DSC_0269.jpg 481w\" sizes=\"(max-width: 225px) 100vw, 225px\" \/><\/a>\u00a0\u00a0<a href=\"http:\/\/terrier.ee\/wp-content\/uploads\/2020\/10\/DSC_0272.jpg\"><img loading=\"lazy\" decoding=\"async\" class=\"alignnone size-medium wp-image-1395\" src=\"http:\/\/terrier.ee\/wp-content\/uploads\/2020\/10\/DSC_0272-220x300.jpg\" alt=\"\" width=\"220\" height=\"300\" srcset=\"https:\/\/terrier.ee\/wp-content\/uploads\/2020\/10\/DSC_0272-220x300.jpg 220w, https:\/\/terrier.ee\/wp-content\/uploads\/2020\/10\/DSC_0272.jpg 470w\" sizes=\"(max-width: 220px) 100vw, 220px\" \/><\/a>\u00a0\u00a0<a href=\"http:\/\/terrier.ee\/wp-content\/uploads\/2020\/10\/DSC_0279.jpg\"><img loading=\"lazy\" decoding=\"async\" class=\"alignnone size-medium wp-image-1396\" src=\"http:\/\/terrier.ee\/wp-content\/uploads\/2020\/10\/DSC_0279-216x300.jpg\" alt=\"\" width=\"216\" height=\"300\" srcset=\"https:\/\/terrier.ee\/wp-content\/uploads\/2020\/10\/DSC_0279-216x300.jpg 216w, https:\/\/terrier.ee\/wp-content\/uploads\/2020\/10\/DSC_0279.jpg 461w\" sizes=\"(max-width: 216px) 100vw, 216px\" \/><\/a>\u00a0\u00a0<a href=\"http:\/\/terrier.ee\/wp-content\/uploads\/2020\/10\/DSC_0286.jpg\"><img loading=\"lazy\" decoding=\"async\" class=\"alignnone size-medium wp-image-1398\" src=\"http:\/\/terrier.ee\/wp-content\/uploads\/2020\/10\/DSC_0286-239x300.jpg\" alt=\"\" width=\"239\" height=\"300\" srcset=\"https:\/\/terrier.ee\/wp-content\/uploads\/2020\/10\/DSC_0286-239x300.jpg 239w, https:\/\/terrier.ee\/wp-content\/uploads\/2020\/10\/DSC_0286.jpg 509w\" sizes=\"(max-width: 239px) 100vw, 239px\" \/><\/a><\/p>\n<p style=\"text-align: center;\"><span style=\"color: #0000ff;\"><strong>PARIM EESTIS S\u00dcNDINUD TERJER<\/strong><\/span><\/p>\n<p style=\"text-align: center;\"><strong>2. Austraalia terjer &#8211; ARMIRELLI BORN LEADER, om. Anne-Lii Sild, Eesti<\/strong><\/p>\n<p><a href=\"http:\/\/terrier.ee\/wp-content\/uploads\/2020\/10\/DSC_0272.jpg\"><img loading=\"lazy\" decoding=\"async\" class=\" wp-image-1395 aligncenter\" src=\"http:\/\/terrier.ee\/wp-content\/uploads\/2020\/10\/DSC_0272-220x300.jpg\" alt=\"\" width=\"241\" height=\"329\" srcset=\"https:\/\/terrier.ee\/wp-content\/uploads\/2020\/10\/DSC_0272-220x300.jpg 220w, https:\/\/terrier.ee\/wp-content\/uploads\/2020\/10\/DSC_0272.jpg 470w\" sizes=\"(max-width: 241px) 100vw, 241px\" \/><\/a><\/p>\n<p style=\"text-align: center;\"><span style=\"color: #00ff00;\"><strong>BEST IN SHOW BEEBI<\/strong><\/span><\/p>\n<p style=\"text-align: left;\"><strong>1. K\u00e4\u00e4bus bullterjer &#8211;\u00a0<span class=\"b\"><span style=\"color: #ff0000;\">POTSU DE NOTSU ELIXIR OF POWER<\/span>, om.\u00a0<\/span>Merle Uustamm, Eesti<\/strong><\/p>\n<p style=\"text-align: center;\"><strong><br \/>\nKes on ka Parim Eestis S\u00fcndinud Beebi!\u00a0<\/strong><\/p>\n<p><a href=\"http:\/\/terrier.ee\/wp-content\/uploads\/2020\/10\/DSC_0119.jpg\"><img loading=\"lazy\" decoding=\"async\" class=\"aligncenter size-medium wp-image-1402\" src=\"http:\/\/terrier.ee\/wp-content\/uploads\/2020\/10\/DSC_0119-277x300.jpg\" alt=\"\" width=\"277\" height=\"300\" srcset=\"https:\/\/terrier.ee\/wp-content\/uploads\/2020\/10\/DSC_0119-277x300.jpg 277w, https:\/\/terrier.ee\/wp-content\/uploads\/2020\/10\/DSC_0119.jpg 591w\" sizes=\"(max-width: 277px) 100vw, 277px\" \/><\/a><\/p>\n<p style=\"text-align: center;\"><span style=\"color: #00ff00;\"><strong>BEST IN SHOW KUTSIKAS<\/strong><\/span><\/p>\n<p><strong>1.Ameerika Staffordshire`i terjer &#8211;\u00a0<span class=\"b\"><span style=\"color: #ff0000;\">DOK&#8217; S PRIDE DIRECT DE LA CRAIOVA<\/span>, om.\u00a0<\/span>Kristel V\u00f5su, Eesti<\/strong><br \/>\n<strong>2.\u00a0Austraalia terjer &#8211; <span class=\"b\"><span style=\"color: #ff0000;\">ARMIRELLI BORN IN QUARANTINE<\/span>, om.\u00a0<\/span>Anne-Lii Sild &amp; Elika Noormets, Eesti<\/strong><br \/>\n<strong>3.\u00a0Welshi terjer &#8211; <span class=\"b\"><span style=\"color: #ff0000;\">WARLOCK OD GUVERNERA<\/span>, om.\u00a0<\/span>Anu Madi, Eesti<\/strong><br \/>\n<strong>4.\u00a0Jack Russell`i terjer &#8211; <span class=\"b\"><span style=\"color: #ff0000;\">LEXBERRY&#8217;S STARRY SKY CUBA<\/span>, om.\u00a0<\/span>K\u00e4tlin Keinast &amp; Veiko Salum\u00e4e, Eesti<\/strong><\/p>\n<p><a href=\"http:\/\/terrier.ee\/wp-content\/uploads\/2020\/10\/DSC_0152.jpg\"><img loading=\"lazy\" decoding=\"async\" class=\"alignnone size-medium wp-image-1405\" src=\"http:\/\/terrier.ee\/wp-content\/uploads\/2020\/10\/DSC_0152-207x300.jpg\" alt=\"\" width=\"207\" height=\"300\" srcset=\"https:\/\/terrier.ee\/wp-content\/uploads\/2020\/10\/DSC_0152-207x300.jpg 207w, https:\/\/terrier.ee\/wp-content\/uploads\/2020\/10\/DSC_0152.jpg 441w\" sizes=\"(max-width: 207px) 100vw, 207px\" \/><\/a>\u00a0\u00a0<a href=\"http:\/\/terrier.ee\/wp-content\/uploads\/2020\/10\/DSC_0151.jpg\"><img loading=\"lazy\" decoding=\"async\" class=\"alignnone size-medium wp-image-1406\" src=\"http:\/\/terrier.ee\/wp-content\/uploads\/2020\/10\/DSC_0151-224x300.jpg\" alt=\"\" width=\"224\" height=\"300\" srcset=\"https:\/\/terrier.ee\/wp-content\/uploads\/2020\/10\/DSC_0151-224x300.jpg 224w, https:\/\/terrier.ee\/wp-content\/uploads\/2020\/10\/DSC_0151.jpg 478w\" sizes=\"(max-width: 224px) 100vw, 224px\" \/><\/a>\u00a0\u00a0<a href=\"http:\/\/terrier.ee\/wp-content\/uploads\/2020\/10\/DSC_0156.jpg\"><img loading=\"lazy\" decoding=\"async\" class=\"alignnone size-medium wp-image-1407\" src=\"http:\/\/terrier.ee\/wp-content\/uploads\/2020\/10\/DSC_0156-194x300.jpg\" alt=\"\" width=\"194\" height=\"300\" srcset=\"https:\/\/terrier.ee\/wp-content\/uploads\/2020\/10\/DSC_0156-194x300.jpg 194w, https:\/\/terrier.ee\/wp-content\/uploads\/2020\/10\/DSC_0156.jpg 414w\" sizes=\"(max-width: 194px) 100vw, 194px\" \/><\/a>\u00a0\u00a0<a href=\"http:\/\/terrier.ee\/wp-content\/uploads\/2020\/10\/DSC_0158.jpg\"><img loading=\"lazy\" decoding=\"async\" class=\"alignnone size-medium wp-image-1408\" src=\"http:\/\/terrier.ee\/wp-content\/uploads\/2020\/10\/DSC_0158-246x300.jpg\" alt=\"\" width=\"246\" height=\"300\" srcset=\"https:\/\/terrier.ee\/wp-content\/uploads\/2020\/10\/DSC_0158-246x300.jpg 246w, https:\/\/terrier.ee\/wp-content\/uploads\/2020\/10\/DSC_0158.jpg 524w\" sizes=\"(max-width: 246px) 100vw, 246px\" \/><\/a><\/p>\n<p style=\"text-align: center;\"><span style=\"color: #0000ff;\"><strong>PARIM EESTIS S\u00dcNDINUD KUTSIKAS<\/strong><\/span><\/p>\n<p style=\"text-align: center;\"><strong>Austraalia terjer &#8211; <span class=\"b\">ARMIRELLI BORN IN QUARANTINE, om.\u00a0<\/span>Anne-Lii Sild &amp; Elika Noormets, Eesti<\/strong><\/p>\n<p><a href=\"http:\/\/terrier.ee\/wp-content\/uploads\/2020\/10\/DSC_0151.jpg\"><img loading=\"lazy\" decoding=\"async\" class=\"aligncenter wp-image-1406\" src=\"http:\/\/terrier.ee\/wp-content\/uploads\/2020\/10\/DSC_0151.jpg\" alt=\"\" width=\"334\" height=\"448\" srcset=\"https:\/\/terrier.ee\/wp-content\/uploads\/2020\/10\/DSC_0151.jpg 478w, https:\/\/terrier.ee\/wp-content\/uploads\/2020\/10\/DSC_0151-224x300.jpg 224w\" sizes=\"(max-width: 334px) 100vw, 334px\" \/><\/a><\/p>\n<p style=\"text-align: center;\"><span style=\"color: #00ff00;\"><strong>BEST IN SHOW VETERAN<\/strong><\/span><\/p>\n<p><strong>1.Airedale`i terje &#8211;\u00a0<span class=\"b\"><span style=\"color: #ff0000;\">BIG LADY&#8217;S IRON DUKE<\/span>, om.\u00a0Pia Von Koch &amp; Pirjo Hjelm, Soome<br \/>\n2.\u00a0Welshi terjer &#8211; <span style=\"color: #ff0000;\">AK MIL VISTA JUBILEE JAZZ<\/span>, om. Aivi Kabur, Eesti<br \/>\n3.\u00a0Foksterjer, karmikarvaline &#8211; <span style=\"color: #ff0000;\">DANDIEPRAID ETOILE<\/span>, om.\u00a0Natalja Volkova &amp; Svetlana Volkova, Eesti<br \/>\n4.\u00a0Ameerika Staffordshire`i terjer &#8211; <span style=\"color: #ff0000;\">MAGNI NOMINIS UMBRA S ALMAZNOGO OSTROVA<\/span>, om. Enely S\u00f6\u00f6t, Eesti<\/span><\/strong><\/p>\n<p><a href=\"http:\/\/terrier.ee\/wp-content\/uploads\/2020\/10\/DSC_0180.jpg\"><img loading=\"lazy\" decoding=\"async\" class=\"alignnone size-medium wp-image-1412\" src=\"http:\/\/terrier.ee\/wp-content\/uploads\/2020\/10\/DSC_0180-228x300.jpg\" alt=\"\" width=\"228\" height=\"300\" srcset=\"https:\/\/terrier.ee\/wp-content\/uploads\/2020\/10\/DSC_0180-228x300.jpg 228w, https:\/\/terrier.ee\/wp-content\/uploads\/2020\/10\/DSC_0180.jpg 486w\" sizes=\"(max-width: 228px) 100vw, 228px\" \/><\/a>\u00a0\u00a0<a href=\"http:\/\/terrier.ee\/wp-content\/uploads\/2020\/10\/DSC_0177.jpg\"><img loading=\"lazy\" decoding=\"async\" class=\"alignnone size-medium wp-image-1413\" src=\"http:\/\/terrier.ee\/wp-content\/uploads\/2020\/10\/DSC_0177-220x300.jpg\" alt=\"\" width=\"220\" height=\"300\" srcset=\"https:\/\/terrier.ee\/wp-content\/uploads\/2020\/10\/DSC_0177-220x300.jpg 220w, https:\/\/terrier.ee\/wp-content\/uploads\/2020\/10\/DSC_0177.jpg 470w\" sizes=\"(max-width: 220px) 100vw, 220px\" \/><\/a>\u00a0\u00a0<a href=\"http:\/\/terrier.ee\/wp-content\/uploads\/2020\/10\/DSC_0175.jpg\"><img loading=\"lazy\" decoding=\"async\" class=\"alignnone size-medium wp-image-1414\" src=\"http:\/\/terrier.ee\/wp-content\/uploads\/2020\/10\/DSC_0175-207x300.jpg\" alt=\"\" width=\"207\" height=\"300\" srcset=\"https:\/\/terrier.ee\/wp-content\/uploads\/2020\/10\/DSC_0175-207x300.jpg 207w, https:\/\/terrier.ee\/wp-content\/uploads\/2020\/10\/DSC_0175.jpg 441w\" sizes=\"(max-width: 207px) 100vw, 207px\" \/><\/a>\u00a0\u00a0<a href=\"http:\/\/terrier.ee\/wp-content\/uploads\/2020\/10\/DSC_0173.jpg\"><img loading=\"lazy\" decoding=\"async\" class=\"alignnone size-medium wp-image-1415\" src=\"http:\/\/terrier.ee\/wp-content\/uploads\/2020\/10\/DSC_0173-216x300.jpg\" alt=\"\" width=\"216\" height=\"300\" srcset=\"https:\/\/terrier.ee\/wp-content\/uploads\/2020\/10\/DSC_0173-216x300.jpg 216w, https:\/\/terrier.ee\/wp-content\/uploads\/2020\/10\/DSC_0173.jpg 460w\" sizes=\"(max-width: 216px) 100vw, 216px\" \/><\/a><\/p>\n<p style=\"text-align: center;\"><span style=\"color: #0000ff;\"><strong>PARIM EESTIS S\u00dcNDINUD VETERAN<\/strong><\/span><\/p>\n<p style=\"text-align: center;\"><strong><span class=\"b\">Welshi terjer &#8211; AK MIL VISTA JUBILEE JAZZ, om. Aivi Kabur, Eesti<\/span><\/strong><\/p>\n<p><a href=\"http:\/\/terrier.ee\/wp-content\/uploads\/2020\/10\/DSC_0177.jpg\"><img loading=\"lazy\" decoding=\"async\" class=\"aligncenter wp-image-1413 \" src=\"http:\/\/terrier.ee\/wp-content\/uploads\/2020\/10\/DSC_0177.jpg\" alt=\"\" width=\"376\" height=\"512\" srcset=\"https:\/\/terrier.ee\/wp-content\/uploads\/2020\/10\/DSC_0177.jpg 470w, https:\/\/terrier.ee\/wp-content\/uploads\/2020\/10\/DSC_0177-220x300.jpg 220w\" sizes=\"(max-width: 376px) 100vw, 376px\" \/><\/a><\/p>\n<p style=\"text-align: center;\"><span style=\"color: #00ff00;\"><strong>BEST IN SHOW KASVATAJA<\/strong><\/span><\/p>\n<p><strong>1.Welshi terjer &#8211; <span class=\"b\"><span style=\"color: #ff0000;\">AK MIL VISTA<\/span>, om.\u00a0<\/span>Anu-Sirje Keerd, Eesti<\/strong><br \/>\n<strong>2.\u00a0Airedalei terjer &#8211; <span class=\"b\"><span style=\"color: #ff0000;\">KATHERINA&#8217;S LAND<\/span>, om.\u00a0<\/span>Jekaterina Kantijevskaja, Eesti<\/strong><br \/>\n<strong>3.\u00a0Austraalia terjer &#8211; <span class=\"b\" style=\"color: #ff0000;\">ARMIRELLI<\/span>, om. Anne -Lii Sild, Eesti<\/strong><br \/>\n<strong>4.\u00a0Iiri Glen of Imaali terjer &#8211; <span class=\"b\"><span style=\"color: #ff0000;\">GLEANN<\/span>, om.\u00a0<\/span>Tiina Assinen, Soome<\/strong><\/p>\n<p><a href=\"http:\/\/terrier.ee\/wp-content\/uploads\/2020\/10\/DSC_0199.jpg\"><img loading=\"lazy\" decoding=\"async\" class=\"alignnone size-medium wp-image-1419\" src=\"http:\/\/terrier.ee\/wp-content\/uploads\/2020\/10\/DSC_0199-253x300.jpg\" alt=\"\" width=\"253\" height=\"300\" srcset=\"https:\/\/terrier.ee\/wp-content\/uploads\/2020\/10\/DSC_0199-253x300.jpg 253w, https:\/\/terrier.ee\/wp-content\/uploads\/2020\/10\/DSC_0199.jpg 539w\" sizes=\"(max-width: 253px) 100vw, 253px\" \/><\/a>\u00a0\u00a0<a href=\"http:\/\/terrier.ee\/wp-content\/uploads\/2020\/10\/DSC_0197.jpg\"><img loading=\"lazy\" decoding=\"async\" class=\"alignnone size-medium wp-image-1420\" src=\"http:\/\/terrier.ee\/wp-content\/uploads\/2020\/10\/DSC_0197-232x300.jpg\" alt=\"\" width=\"232\" height=\"300\" srcset=\"https:\/\/terrier.ee\/wp-content\/uploads\/2020\/10\/DSC_0197-232x300.jpg 232w, https:\/\/terrier.ee\/wp-content\/uploads\/2020\/10\/DSC_0197.jpg 494w\" sizes=\"(max-width: 232px) 100vw, 232px\" \/><\/a>\u00a0\u00a0<a href=\"http:\/\/terrier.ee\/wp-content\/uploads\/2020\/10\/DSC_0191.jpg\"><img loading=\"lazy\" decoding=\"async\" class=\"alignnone size-medium wp-image-1421\" src=\"http:\/\/terrier.ee\/wp-content\/uploads\/2020\/10\/DSC_0191-250x300.jpg\" alt=\"\" width=\"250\" height=\"300\" srcset=\"https:\/\/terrier.ee\/wp-content\/uploads\/2020\/10\/DSC_0191-250x300.jpg 250w, https:\/\/terrier.ee\/wp-content\/uploads\/2020\/10\/DSC_0191.jpg 534w\" sizes=\"(max-width: 250px) 100vw, 250px\" \/><\/a>\u00a0\u00a0<a href=\"http:\/\/terrier.ee\/wp-content\/uploads\/2020\/10\/DSC_0187.jpg\"><img loading=\"lazy\" decoding=\"async\" class=\"alignnone size-medium wp-image-1422\" src=\"http:\/\/terrier.ee\/wp-content\/uploads\/2020\/10\/DSC_0187-300x283.jpg\" alt=\"\" width=\"300\" height=\"283\" srcset=\"https:\/\/terrier.ee\/wp-content\/uploads\/2020\/10\/DSC_0187-300x283.jpg 300w, https:\/\/terrier.ee\/wp-content\/uploads\/2020\/10\/DSC_0187.jpg 640w\" sizes=\"(max-width: 300px) 100vw, 300px\" \/><\/a><\/p>\n<p style=\"text-align: center;\"><span style=\"color: #0000ff;\"><strong>EESTI PARIM KASVATAJA<\/strong><\/span><\/p>\n<p style=\"text-align: center;\"><strong>Welshi terjer &#8211; <span class=\"b\"><span style=\"color: #ff0000;\">AK MIL VISTA<\/span>, om.\u00a0<\/span>Anu-Sirje Keerd, Eesti<\/strong><\/p>\n<p><a href=\"http:\/\/terrier.ee\/wp-content\/uploads\/2020\/10\/DSC_0199.jpg\"><img loading=\"lazy\" decoding=\"async\" class=\"aligncenter wp-image-1419 \" src=\"http:\/\/terrier.ee\/wp-content\/uploads\/2020\/10\/DSC_0199.jpg\" alt=\"\" width=\"401\" height=\"476\" srcset=\"https:\/\/terrier.ee\/wp-content\/uploads\/2020\/10\/DSC_0199.jpg 539w, https:\/\/terrier.ee\/wp-content\/uploads\/2020\/10\/DSC_0199-253x300.jpg 253w\" sizes=\"(max-width: 401px) 100vw, 401px\" \/><\/a><\/p>\n<p style=\"text-align: center;\"><span style=\"color: #00ff00;\"><strong>BEST IN SHOW JUUNIOR<\/strong><\/span><\/p>\n<p><strong>1.Austraalia terjer &#8211; <span class=\"b\"><span style=\"color: #ff0000;\">ARMIRELLI PRIVATE PARTY<\/span>, om. Anne-Lii Sild, Eesti<br \/>\n2.\u00a0Cairni terjer &#8211; <span style=\"color: #ff0000;\">NO COPYRIGHT WILD HONEY PIE<\/span>, om. Anu-Sirje Keerd, Eesti<br \/>\n3.\u00a0Welshi terjer &#8211; <span style=\"color: #ff0000;\">AK MIL VISTA BERRY SPICED<\/span>, om. Anu-Sirje Keerd, Eesti<br \/>\n4.\u00a0Airedalei terjer &#8211; \u00a0<span style=\"color: #ff0000;\">BIG LADY&#8217;S LION KING<\/span>, om.\u00a0Pia Von Koch, Soome<\/span><\/strong><\/p>\n<p><a href=\"http:\/\/terrier.ee\/wp-content\/uploads\/2020\/10\/DSC_0233.jpg\"><img loading=\"lazy\" decoding=\"async\" class=\"alignnone size-medium wp-image-1426\" src=\"http:\/\/terrier.ee\/wp-content\/uploads\/2020\/10\/DSC_0233-276x300.jpg\" alt=\"\" width=\"276\" height=\"300\" srcset=\"https:\/\/terrier.ee\/wp-content\/uploads\/2020\/10\/DSC_0233-276x300.jpg 276w, https:\/\/terrier.ee\/wp-content\/uploads\/2020\/10\/DSC_0233.jpg 588w\" sizes=\"(max-width: 276px) 100vw, 276px\" \/><\/a>\u00a0\u00a0<a href=\"http:\/\/terrier.ee\/wp-content\/uploads\/2020\/10\/DSC_0221.jpg\"><img loading=\"lazy\" decoding=\"async\" class=\"alignnone size-medium wp-image-1427\" src=\"http:\/\/terrier.ee\/wp-content\/uploads\/2020\/10\/DSC_0221-230x300.jpg\" alt=\"\" width=\"230\" height=\"300\" srcset=\"https:\/\/terrier.ee\/wp-content\/uploads\/2020\/10\/DSC_0221-230x300.jpg 230w, https:\/\/terrier.ee\/wp-content\/uploads\/2020\/10\/DSC_0221.jpg 490w\" sizes=\"(max-width: 230px) 100vw, 230px\" \/><\/a>\u00a0\u00a0<a href=\"http:\/\/terrier.ee\/wp-content\/uploads\/2020\/10\/DSC_0212.jpg\"><img loading=\"lazy\" decoding=\"async\" class=\"alignnone size-medium wp-image-1428\" src=\"http:\/\/terrier.ee\/wp-content\/uploads\/2020\/10\/DSC_0212-249x300.jpg\" alt=\"\" width=\"249\" height=\"300\" srcset=\"https:\/\/terrier.ee\/wp-content\/uploads\/2020\/10\/DSC_0212-249x300.jpg 249w, https:\/\/terrier.ee\/wp-content\/uploads\/2020\/10\/DSC_0212.jpg 531w\" sizes=\"(max-width: 249px) 100vw, 249px\" \/><\/a>\u00a0\u00a0<a href=\"http:\/\/terrier.ee\/wp-content\/uploads\/2020\/10\/DSC_0208.jpg\"><img loading=\"lazy\" decoding=\"async\" class=\"alignnone size-medium wp-image-1429\" src=\"http:\/\/terrier.ee\/wp-content\/uploads\/2020\/10\/DSC_0208-207x300.jpg\" alt=\"\" width=\"207\" height=\"300\" srcset=\"https:\/\/terrier.ee\/wp-content\/uploads\/2020\/10\/DSC_0208-207x300.jpg 207w, https:\/\/terrier.ee\/wp-content\/uploads\/2020\/10\/DSC_0208.jpg 442w\" sizes=\"(max-width: 207px) 100vw, 207px\" \/><\/a><\/p>\n<p style=\"text-align: center;\"><span style=\"color: #0000ff;\"><strong>PARIM EESTIS S\u00dcNDINUD JUUNIOR<\/strong><\/span><\/p>\n<p style=\"text-align: center;\"><strong>Austraalia terjer &#8211; <span class=\"b\">ARMIRELLI PRIVATE PARTY, om. Anne-Lii Sild, Eesti<\/span><\/strong><\/p>\n<p><a href=\"http:\/\/terrier.ee\/wp-content\/uploads\/2020\/10\/DSC_0233.jpg\"><img loading=\"lazy\" decoding=\"async\" class=\"aligncenter wp-image-1426 \" src=\"http:\/\/terrier.ee\/wp-content\/uploads\/2020\/10\/DSC_0233.jpg\" alt=\"\" width=\"438\" height=\"476\" srcset=\"https:\/\/terrier.ee\/wp-content\/uploads\/2020\/10\/DSC_0233.jpg 588w, https:\/\/terrier.ee\/wp-content\/uploads\/2020\/10\/DSC_0233-276x300.jpg 276w\" sizes=\"(max-width: 438px) 100vw, 438px\" \/><\/a><\/p>\n","protected":false},"excerpt":{"rendered":"<p>Me t\u00e4name pr Anne Klaasi, kes aitas meid v\u00e4lja nii vahetult ennem n\u00e4ituse algust ja tuli appi ilusaid terjereid hindama! N\u00e4ituse kauneimaks koeraks valiti tugevas konkurentsis Airedale`i terjer &#8211;\u00a0SAREDON DELIVERANCE. Terjeri\u00fching \u00f5nnitleb omanikke Jekaterina Kantijevskaja &amp; John Averis, Eesti.\u00a0 T\u00c4ISTULEMUSED &nbsp; 1.Airedale`i terjer &#8211; SAREDON DELOVERANCE, om.\u00a0Jekaterina Kantijevskaja &amp; John Averis, Eesti 2. Austraalia terjer <a class=\"read-more\" href=\"https:\/\/terrier.ee\/index.php\/47-erinaitus\/\">Read More<\/a><\/p>\n","protected":false},"author":1,"featured_media":0,"parent":0,"menu_order":0,"comment_status":"closed","ping_status":"closed","template":"template-full-width.php","meta":{"footnotes":""},"class_list":["post-1390","page","type-page","status-publish","hentry"],"_links":{"self":[{"href":"https:\/\/terrier.ee\/index.php\/wp-json\/wp\/v2\/pages\/1390"}],"collection":[{"href":"https:\/\/terrier.ee\/index.php\/wp-json\/wp\/v2\/pages"}],"about":[{"href":"https:\/\/terrier.ee\/index.php\/wp-json\/wp\/v2\/types\/page"}],"author":[{"embeddable":true,"href":"https:\/\/terrier.ee\/index.php\/wp-json\/wp\/v2\/users\/1"}],"replies":[{"embeddable":true,"href":"https:\/\/terrier.ee\/index.php\/wp-json\/wp\/v2\/comments?post=1390"}],"version-history":[{"count":5,"href":"https:\/\/terrier.ee\/index.php\/wp-json\/wp\/v2\/pages\/1390\/revisions"}],"predecessor-version":[{"id":1432,"href":"https:\/\/terrier.ee\/index.php\/wp-json\/wp\/v2\/pages\/1390\/revisions\/1432"}],"wp:attachment":[{"href":"https:\/\/terrier.ee\/index.php\/wp-json\/wp\/v2\/media?parent=1390"}],"curies":[{"name":"wp","href":"https:\/\/api.w.org\/{rel}","templated":true}]}}