{"id":13,"date":"2017-04-11T09:05:26","date_gmt":"2017-04-11T09:05:26","guid":{"rendered":"http:\/\/terrier.ee\/?page_id=13"},"modified":"2019-03-16T15:22:53","modified_gmt":"2019-03-16T15:22:53","slug":"uhingust","status":"publish","type":"page","link":"https:\/\/terrier.ee\/index.php\/uhingust\/","title":{"rendered":"\u00dchingust"},"content":{"rendered":"<p>Eesti Terjeri\u00fchingu (ET\u00dc) aluseks oli 1993.a. m\u00e4rtsis peetud \u00fcldkoosolek, kus kohalolnud terjeriomanike ettepanekul ja heakskiidul otsustati luua organisatsioon, mis \u00fchendaks k\u00f5iki Eesti terjeris\u00f5pru nii nende r\u00f5\u00f5mudes, kui ka muredes. T\u00e4naseks p\u00e4evaks on k\u00fcmnekonnast terjeris\u00f5brast v\u00e4ljakasvanud juba p\u00e4ris korralik liikmeskond, mis ulatub hetkel pea 70-ni. Liikmeid on nii kodumaalt ja iga aastaga suureneb ka v\u00e4lisliikmete arv.<\/p>\n<p>\u00dchingu eesm\u00e4rgiks oli ja on praegugi eesk\u00e4tt aretust\u00f6\u00f6 n\u00f5ustamine ja juba Eestis olemasolevate terjerit\u00f5ugude k\u00f5rval, meil veel v\u00e4helevinud terjerite tutvustamine ja koost\u00f6\u00f6suhete arendamine, tuntud terjerikasvatajate ja -klubidega v\u00e4lismaal. R\u00f5\u00f5mu teeb see, et j\u00e4rjest rohkem leidub meie seas inimesi, kes on otsustanud oma elu siduda just m\u00f5ne terjerilisega. Kuna Eestis on siiani esindamata hulk terjerit\u00f5uge, siis j\u00e4rjest rohkem hakatakse neid rajatagant sisse tooma.<\/p>\n<p>ET\u00dc peab t\u00e4htsaks ka terjerite edukat esinemist erinevatel n\u00e4itustel ja koolitus\u00fcritustel. Korraldatud on n\u00e4ituse koolitust kutsikatele, trimmimiskursust algajatele ja igak\u00fclgset konsultatsiooni jagavad meeleldi ka erinevate t\u00f5ugude kasvatajad. T\u00e4htis koht on ka iga-aastastel sertifikaadi\u00f5igusega erin\u00e4itustel k\u00f5ikidele terjerit\u00f5ugudele, siia kuulub ka must terjer, kes \u00fchingu algusaastaist saadik kuulub endiselt ET\u00dc-s registreeritud t\u00f5ugude hulka, vaatamata musta terjeri kuulumisele FCI j\u00e4rgi II r\u00fchma.<\/p>\n<p>Eesti terjerite ilu on tunnustatud ka erinevates v\u00e4lisriikides, kuhu aasta-aastalt j\u00e4rjest rohkem s\u00f5idetakse. Neli korda aastas ilmus \u00fchingul ajakiri &#8211; \u201cTerjeriuudised\u201d. Ajakirjas tutvustasime erinevate t\u00f5ugude t\u00f5ustandardeid, edastasime n\u00e4ituste tulemusi jm. huvitavat. Kahjuks on hetkel see ajakiri \u201ctalveunes\u201d, kuid loodame v\u00e4ga, et leidub abivalmis inimesi, kes oma oskuste ja tahtmisega saaksid ajakirja taaselustada.<\/p>\n<p>Aasta kulminatsiooniks on l\u00f5ppenud n\u00e4itusaasta edukaima koera ja parima kenneli v\u00e4ljaselgitamine. Algaastatel oli selle konkursi nimi \u201cAasta koer\u201d, t\u00e4naseks on nimi veidi muutunud ja terjeriomanikud ootavad \u201cTOP TERJER\u201d-i valimist. Juba \u00f5ige mitmendat aastat on liikvel r\u00e4ndkarikas, mille saab aastasele hoiule vastava aasta k\u00f5ige paremate n\u00e4itusetulemustega terjer. Konkursil valitakse ka parim Eestis s\u00fcndinud terjer, parim aretusterjer, parim juunior, parim veteran ja edukaim kennel. \u00c4ram\u00e4rkimata ei j\u00e4\u00e4 ka need terjeris\u00f5brad, kes on otsustanud oma lemmikutele s\u00f5nakuulelikkust \u00f5petada ja samas v\u00e4simatud on ka agility radadel.<\/p>\n<p>Tahame t\u00e4nada k\u00f5iki meie praeguseid ja tulevasi liikmeid ja\u00a0 me oleme kindlad, et meie read t\u00e4ienevad pidevalt.<\/p>\n<p>Koerad on Teile v\u00e4ga t\u00e4nulikud, sest nad armastavad Teid ja neil on nii fantastilised peremehed!<\/p>\n<p><strong>Liitu liikmeks!<\/strong><\/p>\n<p><strong>sisseastumismaks 30.0 EURO<br \/>\naastamaks 10<\/strong><strong>.0 EURO<\/strong><strong><br \/>\nt\u00e4htajatu maks 100.0 EURO<\/strong><br \/>\n<strong>K\u00f5ik v\u00e4lismaalased saavad astuda vaid t\u00e4htajatuteks liikmeteks!<br \/>\nMeie pank:<br \/>\nEesti Terjeri\u00fching,<\/strong>\u00a0<strong> AS SEB pank\u00a0 kood 401<br \/>\nIBAN:EE361010052046335007 SWIFT EEUHEE2X<\/strong><\/p>\n","protected":false},"excerpt":{"rendered":"<p>Eesti Terjeri\u00fchingu (ET\u00dc) aluseks oli 1993.a. m\u00e4rtsis peetud \u00fcldkoosolek, kus kohalolnud terjeriomanike ettepanekul ja heakskiidul otsustati luua organisatsioon, mis \u00fchendaks k\u00f5iki Eesti terjeris\u00f5pru nii nende r\u00f5\u00f5mudes, kui ka muredes. T\u00e4naseks p\u00e4evaks on k\u00fcmnekonnast terjeris\u00f5brast v\u00e4ljakasvanud juba p\u00e4ris korralik liikmeskond, mis ulatub hetkel pea 70-ni. Liikmeid on nii kodumaalt ja iga aastaga suureneb ka v\u00e4lisliikmete arv. <a class=\"read-more\" href=\"https:\/\/terrier.ee\/index.php\/uhingust\/\">Read More<\/a><\/p>\n","protected":false},"author":1,"featured_media":0,"parent":0,"menu_order":0,"comment_status":"closed","ping_status":"closed","template":"template-full-width.php","meta":{"footnotes":""},"class_list":["post-13","page","type-page","status-publish","hentry"],"_links":{"self":[{"href":"https:\/\/terrier.ee\/index.php\/wp-json\/wp\/v2\/pages\/13"}],"collection":[{"href":"https:\/\/terrier.ee\/index.php\/wp-json\/wp\/v2\/pages"}],"about":[{"href":"https:\/\/terrier.ee\/index.php\/wp-json\/wp\/v2\/types\/page"}],"author":[{"embeddable":true,"href":"https:\/\/terrier.ee\/index.php\/wp-json\/wp\/v2\/users\/1"}],"replies":[{"embeddable":true,"href":"https:\/\/terrier.ee\/index.php\/wp-json\/wp\/v2\/comments?post=13"}],"version-history":[{"count":3,"href":"https:\/\/terrier.ee\/index.php\/wp-json\/wp\/v2\/pages\/13\/revisions"}],"predecessor-version":[{"id":1083,"href":"https:\/\/terrier.ee\/index.php\/wp-json\/wp\/v2\/pages\/13\/revisions\/1083"}],"wp:attachment":[{"href":"https:\/\/terrier.ee\/index.php\/wp-json\/wp\/v2\/media?parent=13"}],"curies":[{"name":"wp","href":"https:\/\/api.w.org\/{rel}","templated":true}]}}