{"id":108,"date":"2017-04-11T11:52:48","date_gmt":"2017-04-11T11:52:48","guid":{"rendered":"http:\/\/terrier.ee\/?page_id=108"},"modified":"2026-04-11T07:07:07","modified_gmt":"2026-04-11T07:07:07","slug":"liikmed","status":"publish","type":"page","link":"https:\/\/terrier.ee\/index.php\/liikmed\/","title":{"rendered":"Liikmed"},"content":{"rendered":"<h2><a href=\"https:\/\/liikmeks.wufoo.com\/forms\/z7rrisy1rvpl2a\/\" target=\"_blank\" rel=\"noopener\"><strong>Astu liikmeks!<\/strong><\/a><\/h2>\n<p><strong>sisseastumismaks 30.0 EURO<br \/>\naastamaks 10<\/strong><strong>.0 EURO<\/strong><strong><br \/>\nt\u00e4htajatu maks 100.0 EURO<\/strong><br \/>\n<strong>K\u00f5ik v\u00e4lismaalased saavad astuda vaid t\u00e4htajatuteks liikmeteks!<br \/>\nMeie pank:<br \/>\nEesti Terjeri\u00fching,<\/strong>\u00a0<strong> AS SEB pank\u00a0 kood 401<br \/>\nIBAN:EE361010052046335007 SWIFT EEUHEE2X<\/strong><\/p>\n<p>&nbsp;<\/p>\n<p>T\u00e4ida liikmeks astumise <strong><a href=\"https:\/\/liikmeks.wufoo.com\/forms\/z7rrisy1rvpl2a\/\" target=\"_blank\" rel=\"noopener\">ANKEET<\/a>!<\/strong><\/p>\n<p>T\u00e4helepanu! Liikmelisus kehtib 01.01-31.12, olenemata, millal liikmeks astutakse! Ja kui kellelgi on kontaktandmed viimasel ajal muutunud, palun saatke ka meile uued andmed, et saaksime Teiega paremini \u00fchendust!<\/p>\n<p><strong>\u00a0<\/strong><\/p>\n<p><strong>\u00a0Juhatuse liikmed<\/strong><\/p>\n<p><strong><br \/>\nMargot Oder\u00a0 +372 56684649 n\u00e4itused<br \/>\nAnne-Lii Sild\u00a0 +372 56502644<br \/>\nAve Z\u00e4uram +372 55936400\u00a0 raamatupidamine<br \/>\nAnneli Tammik\u00a0 +372 5098159 meened<\/strong><\/p>\n<p>&nbsp;<\/p>\n<h2><strong>T\u00e4htajatud liikmed<\/strong><\/h2>\n<p>1 Ahola, Marjo<br \/>\n2 Ajanto, Riitta<br \/>\n3 Albrecht, Katri Eliisa<br \/>\n4 Arnon, Jekaterina<br \/>\n5 Arukaevu, Urve<br \/>\n6 Assinen, Tiina Ann-Mari<br \/>\n7 Astanovskaja, Viktoria<br \/>\n8 Babula, Oksana<br \/>\n9 Bitjutskih, Oksana<br \/>\n10 Eskelinen, Terhi<br \/>\n11 Forssell, Ida<br \/>\n12 Hjelm, Pirjo<br \/>\n13 Jaffe, Henna<br \/>\n14 Kaartinen, Erja<br \/>\n15 Kadakas, Monika<br \/>\n16 Kantijevskaja, Jekaterina<br \/>\n17 Karakozov, Andrei<br \/>\n18 Kelloniemi, Katja<br \/>\n19 Krall, Kristiina<br \/>\n20 K\u00e4rdi-Paabo, Helle<br \/>\n21 Leinonen, Anu<br \/>\n22 Miilvee, Natalia<br \/>\n23 Moilanen, Anne<br \/>\n24 Murov, Marek<br \/>\n25 Natunen, Carita<br \/>\n26 Nevalainen-Haapala, Minna<br \/>\n27 Nguyen, Huyen<br \/>\n28 Oder, Margot<br \/>\n29 Pahk, Peeter<br \/>\n30 Pakk, Kaire<br \/>\n31 Pesola, Nanna<br \/>\n32 Rahe, Kerttu<br \/>\n33 Raie, Siim<br \/>\n34 Rogolus, Viola<br \/>\n35 Rutnik, Rait<br \/>\n36 Siitan, Kristiine Maria<br \/>\n37 Sild, Anne-Lii<br \/>\n38 Starast, Ain<br \/>\n39 Sundst\u00f6m, Camilla<br \/>\n40 Taipale, Tuula<br \/>\n41 Tammets, Kairit<br \/>\n42 Tibay, Norbert<br \/>\n43 Timonen, Jenna<br \/>\n44 Ts\u00f5ba, Sergei<br \/>\n45 Viires, Tiia<br \/>\n46 Yl\u00f6sm\u00e4ki, Pirjo<\/p>\n<p>&nbsp;<\/p>\n<h2><strong>T\u00e4htajalised liikmed<\/strong><\/h2>\n<h2><\/h2>\n<p>47 Annus, Rita \u00a0 \u00a0 \u00a0 \u00a0 \u00a0 \u00a0 \u00a0 \u00a0 \u00a0 \u00a0 \u00a0 \u00a0 \u00a0 \u00a0 \u00a0 \u00a0 \u00a0 \u00a0 \u00a0 \u00a0 \u00a0 \u00a0 2026<br \/>\n48 Arula, Liisu\u00a0 \u00a0 \u00a0 \u00a0 \u00a0 \u00a0 \u00a0 \u00a0 \u00a0 \u00a0 \u00a0 \u00a0 \u00a0 \u00a0 \u00a0 \u00a0 \u00a0 \u00a0 \u00a0 \u00a0 \u00a0 \u00a0 \u00a0 2027<br \/>\n<span style=\"color: #ff0000;\">49 Baranova, Viktoria\u00a0 \u00a0 \u00a0 \u00a0 \u00a0 \u00a0 \u00a0 \u00a0 \u00a0 \u00a0 \u00a0 \u00a0 \u00a0 \u00a0 \u00a02025<\/span><br \/>\n<span style=\"color: #ff0000;\">50 Ernesaks, Siiri \u00a0 \u00a0 \u00a0 \u00a0 \u00a0 \u00a0 \u00a0 \u00a0 \u00a0 \u00a0 \u00a0 \u00a0 \u00a0 \u00a0 \u00a0 \u00a0 \u00a0 \u00a0 \u00a0 2025<\/span><br \/>\n51 H\u00f5im, Jelena\u00a0 \u00a0 \u00a0 \u00a0 \u00a0 \u00a0 \u00a0 \u00a0 \u00a0 \u00a0 \u00a0 \u00a0 \u00a0 \u00a0 \u00a0 \u00a0 \u00a0 \u00a0 \u00a0 \u00a0 \u00a02026<br \/>\n52 Kabur, Aivi \u00a0 \u00a0 \u00a0 \u00a0 \u00a0 \u00a0 \u00a0 \u00a0 \u00a0 \u00a0 \u00a0 \u00a0 \u00a0 \u00a0 \u00a0 \u00a0 \u00a0 \u00a0 \u00a0 \u00a0 \u00a0 \u00a0 \u00a02026<br \/>\n53 Kaljum\u00e4e, Natalja\u00a0 \u00a0 \u00a0 \u00a0 \u00a0 \u00a0 \u00a0 \u00a0 \u00a0 \u00a0 \u00a0 \u00a0 \u00a0 \u00a0 \u00a0 \u00a02026<br \/>\n54 Keerd, Anu-Sirje \u00a0 \u00a0 \u00a0 \u00a0 \u00a0 \u00a0 \u00a0 \u00a0 \u00a0 \u00a0 \u00a0 \u00a0 \u00a0 \u00a0 \u00a0 \u00a0 \u00a02026<br \/>\n55 Klaas, Anne \u00a0 \u00a0 \u00a0 \u00a0 \u00a0 \u00a0 \u00a0 \u00a0 \u00a0 \u00a0 \u00a0 \u00a0 \u00a0 \u00a0 \u00a0 \u00a0 \u00a0 \u00a0 \u00a0 \u00a0 \u00a0 \u00a02026<br \/>\n56 Knut, Mihhail\u00a0 \u00a0 \u00a0 \u00a0 \u00a0 \u00a0 \u00a0 \u00a0 \u00a0 \u00a0 \u00a0 \u00a0 \u00a0 \u00a0 \u00a0 \u00a0 \u00a0 \u00a0 \u00a0 \u00a0 \u00a02026<br \/>\n57 Lassen, Eva \u00a0 \u00a0 \u00a0 \u00a0 \u00a0 \u00a0 \u00a0 \u00a0 \u00a0 \u00a0 \u00a0 \u00a0 \u00a0 \u00a0 \u00a0 \u00a0 \u00a0 \u00a0 \u00a0 \u00a0 \u00a0 \u00a02026<br \/>\n58 Lindemann, Maimu\u00a0 \u00a0 \u00a0 \u00a0 \u00a0 \u00a0 \u00a0 \u00a0 \u00a0 \u00a0 \u00a0 \u00a0 \u00a0 \u00a02026<span style=\"color: #ff0000;\"><br \/>\n59 Malinina, Oksana\u00a0 \u00a0 \u00a0 \u00a0 \u00a0 \u00a0 \u00a0 \u00a0 \u00a0 \u00a0 \u00a0 \u00a0 \u00a0 \u00a0 \u00a0 \u00a02025<\/span><br \/>\n60 Maranik, Viive \u00a0 \u00a0 \u00a0 \u00a0 \u00a0 \u00a0 \u00a0 \u00a0 \u00a0 \u00a0 \u00a0 \u00a0 \u00a0 \u00a0 \u00a0 \u00a0 \u00a0 \u00a0 \u00a02026<br \/>\n<span style=\"color: #ff0000;\">61 Ojaste, Marju \u00a0 \u00a0 \u00a0 \u00a0 \u00a0 \u00a0 \u00a0 \u00a0 \u00a0 \u00a0 \u00a0 \u00a0 \u00a0 \u00a0 \u00a0 \u00a0 \u00a0 \u00a0 \u00a0 2025<br \/>\n<\/span>62 Pu\u0161kina, Svetlana\u00a0 \u00a0 \u00a0 \u00a0 \u00a0 \u00a0 \u00a0 \u00a0 \u00a0 \u00a0 \u00a0 \u00a0 \u00a0 \u00a0 \u00a0 \u00a0 2026<br \/>\n<span style=\"color: #ff0000;\">63 P\u00e4rn, Aljo\u00a0 \u00a0 \u00a0 \u00a0 \u00a0 \u00a0 \u00a0 \u00a0 \u00a0 \u00a0 \u00a0 \u00a0 \u00a0 \u00a0 \u00a0 \u00a0 \u00a0 \u00a0 \u00a0 \u00a0 \u00a0 \u00a0 \u00a0 \u00a0 \u00a02025<\/span><br \/>\n64 Privalova, Nelli \u00a0 \u00a0 \u00a0 \u00a0 \u00a0 \u00a0 \u00a0 \u00a0 \u00a0 \u00a0 \u00a0 \u00a0 \u00a0 \u00a0 \u00a0 \u00a0 \u00a0 \u00a0 2026<br \/>\n65 Reljan, Ingrid \u00a0 \u00a0 \u00a0 \u00a0 \u00a0 \u00a0 \u00a0 \u00a0 \u00a0 \u00a0 \u00a0 \u00a0 \u00a0 \u00a0 \u00a0 \u00a0 \u00a0 \u00a0 \u00a0 \u00a0 2026<br \/>\n66 R\u00fc\u00fctle-Maidla, Tiina\u00a0 \u00a0 \u00a0 \u00a0 \u00a0 \u00a0 \u00a0 \u00a0 \u00a0 \u00a0 \u00a0 \u00a0 \u00a02026<br \/>\n<span style=\"color: #ff0000;\">67 Sinij\u00e4rv, Maiu\u00a0 \u00a0 \u00a0 \u00a0 \u00a0 \u00a0 \u00a0 \u00a0 \u00a0 \u00a0 \u00a0 \u00a0 \u00a0 \u00a0 \u00a0 \u00a0 \u00a0 \u00a0 \u00a0 \u00a0 2025<\/span><br \/>\n68 Smith, Anita\u00a0 \u00a0 \u00a0 \u00a0 \u00a0 \u00a0 \u00a0 \u00a0 \u00a0 \u00a0 \u00a0 \u00a0 \u00a0 \u00a0 \u00a0 \u00a0 \u00a0 \u00a0 \u00a0 \u00a0 \u00a0 \u00a02026<br \/>\n69 Zinovjeva, Jelena \u00a0 \u00a0 \u00a0 \u00a0 \u00a0 \u00a0 \u00a0 \u00a0 \u00a0 \u00a0 \u00a0 \u00a0 \u00a0 \u00a0 \u00a0 \u00a02026<span style=\"color: #ff0000;\"><br \/>\n<\/span>70 Z\u00e4uram, Ave\u00a0 \u00a0 \u00a0 \u00a0 \u00a0 \u00a0 \u00a0 \u00a0 \u00a0 \u00a0 \u00a0 \u00a0 \u00a0 \u00a0 \u00a0 \u00a0 \u00a0 \u00a0 \u00a0 \u00a0 \u00a0 2026<br \/>\n71 Tali, Rita\u00a0 \u00a0 \u00a0 \u00a0 \u00a0 \u00a0 \u00a0 \u00a0 \u00a0 \u00a0 \u00a0 \u00a0 \u00a0 \u00a0 \u00a0 \u00a0 \u00a0 \u00a0 \u00a0 \u00a0 \u00a0 \u00a0 \u00a0 \u00a0 \u00a0 \u00a02026<br \/>\n<span style=\"color: #ff0000;\">72 Tammeleht,\u00a0 H\u00e4li \u00a0 \u00a0 \u00a0 \u00a0 \u00a0 \u00a0 \u00a0 \u00a0 \u00a0 \u00a0 \u00a0 \u00a0 \u00a0 \u00a0 \u00a0 \u00a0 2025<\/span><br \/>\n<span style=\"color: #ff0000;\">73 Tammets, Kairit\u00a0 \u00a0 \u00a0 \u00a0 \u00a0 \u00a0 \u00a0 \u00a0 \u00a0 \u00a0 \u00a0 \u00a0 \u00a0 \u00a0 \u00a0 \u00a0 \u00a0 \u00a02025<\/span><br \/>\n<span style=\"color: #ff0000;\">74 Tammik, Anneli \u00a0 \u00a0 \u00a0 \u00a0 \u00a0 \u00a0 \u00a0 \u00a0 \u00a0 \u00a0 \u00a0 \u00a0 \u00a0 \u00a0 \u00a0 \u00a0 \u00a0 \u00a02025<\/span><span style=\"color: #000000;\"><br \/>\n75 Tenurist, Inna\u00a0 \u00a0 \u00a0 \u00a0 \u00a0 \u00a0 \u00a0 \u00a0 \u00a0 \u00a0 \u00a0 \u00a0 \u00a0 \u00a0 \u00a0 \u00a0 \u00a0 \u00a0 \u00a0 \u00a02026<br \/>\n76 Tupalskaja, Jelena\u00a0 \u00a0 \u00a0 \u00a0 \u00a0 \u00a0 \u00a0 \u00a0 \u00a0 \u00a0 \u00a0 \u00a0 \u00a0 \u00a0 \u00a0 2026<br \/>\n<\/span>77 Volkova, Svetlana \u00a0 \u00a0 \u00a0 \u00a0 \u00a0 \u00a0 \u00a0 \u00a0 \u00a0 \u00a0 \u00a0 \u00a0 \u00a0 \u00a0 \u00a02026<br \/>\n<span style=\"color: #ff0000;\">78 V\u00f5su, Kristel\u00a0 \u00a0 \u00a0 \u00a0 \u00a0 \u00a0 \u00a0 \u00a0 \u00a0 \u00a0 \u00a0 \u00a0 \u00a0 \u00a0 \u00a0 \u00a0 \u00a0 \u00a0 \u00a0 \u00a0 \u00a02025<\/span><br \/>\n<span style=\"color: #ff0000;\">79 V\u00e4lk, Margit\u00a0 \u00a0 \u00a0 \u00a0 \u00a0 \u00a0 \u00a0 \u00a0 \u00a0 \u00a0 \u00a0 \u00a0 \u00a0 \u00a0 \u00a0 \u00a0 \u00a0 \u00a0 \u00a0 \u00a0 \u00a0 2025<\/span><\/p>\n","protected":false},"excerpt":{"rendered":"<p>Astu liikmeks! sisseastumismaks 30.0 EURO aastamaks 10.0 EURO t\u00e4htajatu maks 100.0 EURO K\u00f5ik v\u00e4lismaalased saavad astuda vaid t\u00e4htajatuteks liikmeteks! Meie pank: Eesti Terjeri\u00fching,\u00a0 AS SEB pank\u00a0 kood 401 IBAN:EE361010052046335007 SWIFT EEUHEE2X &nbsp; T\u00e4ida liikmeks astumise ANKEET! T\u00e4helepanu! Liikmelisus kehtib 01.01-31.12, olenemata, millal liikmeks astutakse! Ja kui kellelgi on kontaktandmed viimasel ajal muutunud, palun saatke ka <a class=\"read-more\" href=\"https:\/\/terrier.ee\/index.php\/liikmed\/\">Read More<\/a><\/p>\n","protected":false},"author":1,"featured_media":0,"parent":0,"menu_order":0,"comment_status":"closed","ping_status":"closed","template":"template-full-width.php","meta":{"footnotes":""},"class_list":["post-108","page","type-page","status-publish","hentry"],"_links":{"self":[{"href":"https:\/\/terrier.ee\/index.php\/wp-json\/wp\/v2\/pages\/108"}],"collection":[{"href":"https:\/\/terrier.ee\/index.php\/wp-json\/wp\/v2\/pages"}],"about":[{"href":"https:\/\/terrier.ee\/index.php\/wp-json\/wp\/v2\/types\/page"}],"author":[{"embeddable":true,"href":"https:\/\/terrier.ee\/index.php\/wp-json\/wp\/v2\/users\/1"}],"replies":[{"embeddable":true,"href":"https:\/\/terrier.ee\/index.php\/wp-json\/wp\/v2\/comments?post=108"}],"version-history":[{"count":5,"href":"https:\/\/terrier.ee\/index.php\/wp-json\/wp\/v2\/pages\/108\/revisions"}],"predecessor-version":[{"id":2934,"href":"https:\/\/terrier.ee\/index.php\/wp-json\/wp\/v2\/pages\/108\/revisions\/2934"}],"wp:attachment":[{"href":"https:\/\/terrier.ee\/index.php\/wp-json\/wp\/v2\/media?parent=108"}],"curies":[{"name":"wp","href":"https:\/\/api.w.org\/{rel}","templated":true}]}}